{"id":35,"date":"2022-10-15T12:54:19","date_gmt":"2022-10-15T12:54:19","guid":{"rendered":"https:\/\/testv7.bcsg18.fr\/?page_id=35"},"modified":"2024-09-01T07:15:09","modified_gmt":"2024-09-01T07:15:09","slug":"saison","status":"publish","type":"page","link":"https:\/\/testv7.bcsg18.fr\/?page_id=35","title":{"rendered":"Tournois"},"content":{"rendered":"\n<h2 class=\"wp-block-heading has-text-align-center\">Le succ\u00e8s de nos tournois<\/h2>\n\n\n\n<hr class=\"wp-block-separator has-alpha-channel-opacity\"\/>\n\n\n\n<p class=\"has-text-align-center\">Fort d&rsquo;une solide exp\u00e9rience, notre Club organise tous les ans <strong>des tournois en s&rsquo;appuyant sur un groupe de b\u00e9n\u00e9voles attentifs<\/strong> \u00e0 ce que les comp\u00e9titeurs soient satisfaits, fiers de leur performance et \u00e9panouis dans leur jeu.<\/p>\n\n\n\n<hr class=\"wp-block-separator has-alpha-channel-opacity\"\/>\n\n\n\n<h2 class=\"wp-block-heading has-text-align-center\">Le calendrier<\/h2>\n\n\n\n<p class=\"has-text-align-center\"><strong>28-29 septembre 2024<\/strong><br><em>Saint Germ&rsquo; voit double <\/em><br>Doubles H \/ D \/ Mixte<br>De N2 \u00e0 NC<\/p>\n\n\n\n<p class=\"has-text-align-center\"><strong>29-30 mars 2025<\/strong><br><em>Tournoi National St Germ&rsquo;<\/em><br>Simple, Doubles H \/ D \/ Mixte<br>De N2 \u00e0 NC<\/p>\n\n\n\n<p class=\"has-text-align-center\"><strong>16 mai 2025<\/strong><br><em>St Germ&rsquo; bad night (nocturne)<\/em><br>Mixte<br>De R4 \u00e0 NC<\/p>\n\n\n\n<ul class=\"wp-block-list\">\n<li><\/li>\n<\/ul>\n\n\n\n<div class=\"wp-block-buttons is-content-justification-center is-layout-flex wp-container-core-buttons-is-layout-23a043ba wp-block-buttons-is-layout-flex\">\n<div class=\"wp-block-button\"><a class=\"wp-block-button__link has-text-align-center wp-element-button\">S&rsquo;inscrire sur ebad<\/a><\/div>\n<\/div>\n\n\n\n<p><\/p>\n\n\n\n<figure class=\"wp-block-gallery has-nested-images columns-default is-cropped wp-block-gallery-7 is-layout-flex wp-block-gallery-is-layout-flex\">\n<figure class=\"wp-block-image size-large wp-duotone-000000-8ed1fc-1\"><img loading=\"lazy\" decoding=\"async\" width=\"1024\" height=\"1024\" data-id=\"6304\" src=\"https:\/\/testv7.bcsg18.fr\/wp-content\/uploads\/Web_Badminton-BCSG18_Tournois2-1024x1024.jpg\" alt=\"\" class=\"wp-image-6304\" srcset=\"https:\/\/testv7.bcsg18.fr\/wp-content\/uploads\/Web_Badminton-BCSG18_Tournois2-1024x1024.jpg 1024w, https:\/\/testv7.bcsg18.fr\/wp-content\/uploads\/Web_Badminton-BCSG18_Tournois2-600x600.jpg 600w, https:\/\/testv7.bcsg18.fr\/wp-content\/uploads\/Web_Badminton-BCSG18_Tournois2-300x300.jpg 300w, https:\/\/testv7.bcsg18.fr\/wp-content\/uploads\/Web_Badminton-BCSG18_Tournois2-768x768.jpg 768w, https:\/\/testv7.bcsg18.fr\/wp-content\/uploads\/Web_Badminton-BCSG18_Tournois2.jpg 1042w\" sizes=\"auto, (max-width: 1024px) 100vw, 1024px\" \/><\/figure>\n\n\n\n<figure class=\"wp-block-image size-large wp-duotone-000000-8ed1fc-2\"><img loading=\"lazy\" decoding=\"async\" width=\"1024\" height=\"1024\" data-id=\"6306\" src=\"https:\/\/testv7.bcsg18.fr\/wp-content\/uploads\/Web_Badminton-BCSG18_Tournois5-1024x1024.jpg\" alt=\"\" class=\"wp-image-6306\" srcset=\"https:\/\/testv7.bcsg18.fr\/wp-content\/uploads\/Web_Badminton-BCSG18_Tournois5-1024x1024.jpg 1024w, https:\/\/testv7.bcsg18.fr\/wp-content\/uploads\/Web_Badminton-BCSG18_Tournois5-600x600.jpg 600w, https:\/\/testv7.bcsg18.fr\/wp-content\/uploads\/Web_Badminton-BCSG18_Tournois5-300x300.jpg 300w, https:\/\/testv7.bcsg18.fr\/wp-content\/uploads\/Web_Badminton-BCSG18_Tournois5-768x768.jpg 768w, https:\/\/testv7.bcsg18.fr\/wp-content\/uploads\/Web_Badminton-BCSG18_Tournois5.jpg 1042w\" sizes=\"auto, (max-width: 1024px) 100vw, 1024px\" \/><\/figure>\n\n\n\n<figure class=\"wp-block-image size-large wp-duotone-000000-8ed1fc-3\"><img loading=\"lazy\" decoding=\"async\" width=\"1024\" height=\"1024\" data-id=\"6307\" src=\"https:\/\/testv7.bcsg18.fr\/wp-content\/uploads\/Web_Badminton-BCSG18_Tournois3-1024x1024.jpg\" alt=\"\" class=\"wp-image-6307\" srcset=\"https:\/\/testv7.bcsg18.fr\/wp-content\/uploads\/Web_Badminton-BCSG18_Tournois3-1024x1024.jpg 1024w, https:\/\/testv7.bcsg18.fr\/wp-content\/uploads\/Web_Badminton-BCSG18_Tournois3-600x600.jpg 600w, https:\/\/testv7.bcsg18.fr\/wp-content\/uploads\/Web_Badminton-BCSG18_Tournois3-300x300.jpg 300w, https:\/\/testv7.bcsg18.fr\/wp-content\/uploads\/Web_Badminton-BCSG18_Tournois3-768x768.jpg 768w, https:\/\/testv7.bcsg18.fr\/wp-content\/uploads\/Web_Badminton-BCSG18_Tournois3.jpg 1042w\" sizes=\"auto, (max-width: 1024px) 100vw, 1024px\" \/><\/figure>\n\n\n\n<figure class=\"wp-block-image size-large wp-duotone-000000-8ed1fc-4\"><img loading=\"lazy\" decoding=\"async\" width=\"1024\" height=\"1024\" data-id=\"6303\" src=\"https:\/\/testv7.bcsg18.fr\/wp-content\/uploads\/Web_Badminton-BCSG18_Tournois-1024x1024.jpg\" alt=\"\" class=\"wp-image-6303\" srcset=\"https:\/\/testv7.bcsg18.fr\/wp-content\/uploads\/Web_Badminton-BCSG18_Tournois-1024x1024.jpg 1024w, https:\/\/testv7.bcsg18.fr\/wp-content\/uploads\/Web_Badminton-BCSG18_Tournois-600x600.jpg 600w, https:\/\/testv7.bcsg18.fr\/wp-content\/uploads\/Web_Badminton-BCSG18_Tournois-300x300.jpg 300w, https:\/\/testv7.bcsg18.fr\/wp-content\/uploads\/Web_Badminton-BCSG18_Tournois-768x768.jpg 768w, https:\/\/testv7.bcsg18.fr\/wp-content\/uploads\/Web_Badminton-BCSG18_Tournois.jpg 1042w\" sizes=\"auto, (max-width: 1024px) 100vw, 1024px\" \/><\/figure>\n\n\n\n<figure class=\"wp-block-image size-large wp-duotone-000000-8ed1fc-5\"><img loading=\"lazy\" decoding=\"async\" width=\"1024\" height=\"1024\" data-id=\"6310\" src=\"https:\/\/testv7.bcsg18.fr\/wp-content\/uploads\/Web_Badminton-BCSG18_Tournois6-1024x1024.jpg\" alt=\"\" class=\"wp-image-6310\" srcset=\"https:\/\/testv7.bcsg18.fr\/wp-content\/uploads\/Web_Badminton-BCSG18_Tournois6-1024x1024.jpg 1024w, https:\/\/testv7.bcsg18.fr\/wp-content\/uploads\/Web_Badminton-BCSG18_Tournois6-600x600.jpg 600w, https:\/\/testv7.bcsg18.fr\/wp-content\/uploads\/Web_Badminton-BCSG18_Tournois6-300x300.jpg 300w, https:\/\/testv7.bcsg18.fr\/wp-content\/uploads\/Web_Badminton-BCSG18_Tournois6-768x768.jpg 768w, https:\/\/testv7.bcsg18.fr\/wp-content\/uploads\/Web_Badminton-BCSG18_Tournois6.jpg 1042w\" sizes=\"auto, (max-width: 1024px) 100vw, 1024px\" \/><\/figure>\n\n\n\n<figure class=\"wp-block-image size-large wp-duotone-000000-8ed1fc-6\"><img loading=\"lazy\" decoding=\"async\" width=\"1024\" height=\"1024\" data-id=\"6305\" src=\"https:\/\/testv7.bcsg18.fr\/wp-content\/uploads\/Web_Badminton-BCSG18_Tournois4-1024x1024.jpg\" alt=\"\" class=\"wp-image-6305\" srcset=\"https:\/\/testv7.bcsg18.fr\/wp-content\/uploads\/Web_Badminton-BCSG18_Tournois4-1024x1024.jpg 1024w, https:\/\/testv7.bcsg18.fr\/wp-content\/uploads\/Web_Badminton-BCSG18_Tournois4-600x600.jpg 600w, https:\/\/testv7.bcsg18.fr\/wp-content\/uploads\/Web_Badminton-BCSG18_Tournois4-300x300.jpg 300w, https:\/\/testv7.bcsg18.fr\/wp-content\/uploads\/Web_Badminton-BCSG18_Tournois4-768x768.jpg 768w, https:\/\/testv7.bcsg18.fr\/wp-content\/uploads\/Web_Badminton-BCSG18_Tournois4.jpg 1042w\" sizes=\"auto, (max-width: 1024px) 100vw, 1024px\" \/><\/figure>\n<\/figure>\n\n\n\n<p><\/p>\n\n\n\n<p><\/p>\n\n\n\n<p><\/p>\n","protected":false},"excerpt":{"rendered":"<p>Le succ\u00e8s de nos tournois Fort d&rsquo;une solide exp\u00e9rience, notre Club organise tous les ans des tournois en s&rsquo;appuyant sur un groupe de b\u00e9n\u00e9voles attentifs \u00e0 ce que les comp\u00e9titeurs [&hellip;]<\/p>\n","protected":false},"author":1,"featured_media":0,"parent":0,"menu_order":0,"comment_status":"closed","ping_status":"closed","template":"","meta":{"_seopress_robots_primary_cat":"","_seopress_titles_title":"","_seopress_titles_desc":"","_seopress_robots_index":"","site-sidebar-layout":"default","site-content-layout":"","ast-site-content-layout":"default","site-content-style":"default","site-sidebar-style":"default","ast-global-header-display":"","ast-banner-title-visibility":"","ast-main-header-display":"disabled","ast-hfb-above-header-display":"","ast-hfb-below-header-display":"","ast-hfb-mobile-header-display":"disabled","site-post-title":"","ast-breadcrumbs-content":"","ast-featured-img":"","footer-sml-layout":"","theme-transparent-header-meta":"","adv-header-id-meta":"","stick-header-meta":"","header-above-stick-meta":"","header-main-stick-meta":"","header-below-stick-meta":"","astra-migrate-meta-layouts":"set","ast-page-background-enabled":"default","ast-page-background-meta":{"desktop":{"background-color":"var(--ast-global-color-4)","background-image":"","background-repeat":"repeat","background-position":"center center","background-size":"auto","background-attachment":"scroll","background-type":"","background-media":"","overlay-type":"","overlay-color":"","overlay-opacity":"","overlay-gradient":""},"tablet":{"background-color":"","background-image":"","background-repeat":"repeat","background-position":"center center","background-size":"auto","background-attachment":"scroll","background-type":"","background-media":"","overlay-type":"","overlay-color":"","overlay-opacity":"","overlay-gradient":""},"mobile":{"background-color":"","background-image":"","background-repeat":"repeat","background-position":"center center","background-size":"auto","background-attachment":"scroll","background-type":"","background-media":"","overlay-type":"","overlay-color":"","overlay-opacity":"","overlay-gradient":""}},"ast-content-background-meta":{"desktop":{"background-color":"var(--ast-global-color-5)","background-image":"","background-repeat":"repeat","background-position":"center center","background-size":"auto","background-attachment":"scroll","background-type":"","background-media":"","overlay-type":"","overlay-color":"","overlay-opacity":"","overlay-gradient":""},"tablet":{"background-color":"var(--ast-global-color-5)","background-image":"","background-repeat":"repeat","background-position":"center center","background-size":"auto","background-attachment":"scroll","background-type":"","background-media":"","overlay-type":"","overlay-color":"","overlay-opacity":"","overlay-gradient":""},"mobile":{"background-color":"var(--ast-global-color-5)","background-image":"","background-repeat":"repeat","background-position":"center center","background-size":"auto","background-attachment":"scroll","background-type":"","background-media":"","overlay-type":"","overlay-color":"","overlay-opacity":"","overlay-gradient":""}},"footnotes":""},"class_list":["post-35","page","type-page","status-publish","hentry"],"_links":{"self":[{"href":"https:\/\/testv7.bcsg18.fr\/index.php?rest_route=\/wp\/v2\/pages\/35","targetHints":{"allow":["GET"]}}],"collection":[{"href":"https:\/\/testv7.bcsg18.fr\/index.php?rest_route=\/wp\/v2\/pages"}],"about":[{"href":"https:\/\/testv7.bcsg18.fr\/index.php?rest_route=\/wp\/v2\/types\/page"}],"author":[{"embeddable":true,"href":"https:\/\/testv7.bcsg18.fr\/index.php?rest_route=\/wp\/v2\/users\/1"}],"replies":[{"embeddable":true,"href":"https:\/\/testv7.bcsg18.fr\/index.php?rest_route=%2Fwp%2Fv2%2Fcomments&post=35"}],"version-history":[{"count":17,"href":"https:\/\/testv7.bcsg18.fr\/index.php?rest_route=\/wp\/v2\/pages\/35\/revisions"}],"predecessor-version":[{"id":6702,"href":"https:\/\/testv7.bcsg18.fr\/index.php?rest_route=\/wp\/v2\/pages\/35\/revisions\/6702"}],"wp:attachment":[{"href":"https:\/\/testv7.bcsg18.fr\/index.php?rest_route=%2Fwp%2Fv2%2Fmedia&parent=35"}],"curies":[{"name":"wp","href":"https:\/\/api.w.org\/{rel}","templated":true}]}}