{"id":57,"date":"2022-10-15T15:05:33","date_gmt":"2022-10-15T15:05:33","guid":{"rendered":"https:\/\/testv7.bcsg18.fr\/?page_id=57"},"modified":"2024-09-01T08:23:05","modified_gmt":"2024-09-01T08:23:05","slug":"formation","status":"publish","type":"page","link":"https:\/\/testv7.bcsg18.fr\/?page_id=57","title":{"rendered":"Adultes"},"content":{"rendered":"\n<h1 class=\"wp-block-heading has-text-color has-link-color wp-elements-1da490ddceb5fb1d9671e6bda1b4d40e\" style=\"color:#4c50598c\"> Adultes<\/h1>\n\n\n\n<figure class=\"wp-block-gallery has-nested-images columns-default is-cropped wp-block-gallery-2 is-layout-flex wp-block-gallery-is-layout-flex\">\n<figure class=\"wp-block-image size-large wp-duotone-000000-8ed1fc-1\"><img loading=\"lazy\" decoding=\"async\" width=\"1024\" height=\"293\" data-id=\"6714\" src=\"https:\/\/testv7.bcsg18.fr\/wp-content\/uploads\/Web_Badminton-BCSG18_Jouer-2-1024x293.jpg\" alt=\"\" class=\"wp-image-6714\" srcset=\"https:\/\/testv7.bcsg18.fr\/wp-content\/uploads\/Web_Badminton-BCSG18_Jouer-2-1024x293.jpg 1024w, https:\/\/testv7.bcsg18.fr\/wp-content\/uploads\/Web_Badminton-BCSG18_Jouer-2-600x172.jpg 600w, https:\/\/testv7.bcsg18.fr\/wp-content\/uploads\/Web_Badminton-BCSG18_Jouer-2-768x220.jpg 768w, https:\/\/testv7.bcsg18.fr\/wp-content\/uploads\/Web_Badminton-BCSG18_Jouer-2-1536x440.jpg 1536w, https:\/\/testv7.bcsg18.fr\/wp-content\/uploads\/Web_Badminton-BCSG18_Jouer-2-2048x587.jpg 2048w, https:\/\/testv7.bcsg18.fr\/wp-content\/uploads\/Web_Badminton-BCSG18_Jouer-2-1320x378.jpg 1320w\" sizes=\"auto, (max-width: 1024px) 100vw, 1024px\" \/><\/figure>\n<\/figure>\n\n\n\n<div class=\"wp-block-buttons is-content-justification-center is-layout-flex wp-container-core-buttons-is-layout-a89b3969 wp-block-buttons-is-layout-flex\">\n<div class=\"wp-block-button\"><a class=\"wp-block-button__link wp-element-button\" href=\"http:\/\/adherer.myffbad.fr\/bcsg18\">Je m&rsquo;inscris<\/a><\/div>\n<\/div>\n\n\n\n<div style=\"height:17px\" aria-hidden=\"true\" class=\"wp-block-spacer\"><\/div>\n\n\n\n<h2 class=\"wp-block-heading has-text-align-center\">5 cr\u00e9neaux adultes par semaine<\/h2>\n\n\n\n<hr class=\"wp-block-separator has-alpha-channel-opacity\"\/>\n\n\n\n<p class=\"has-text-align-center\"><strong>Ensemble avec la Ville de Saint Germain du Puy,<\/strong> nous sommes fiers de vous proposer toute la semaine des cr\u00e9neaux dans un<strong> complexe sportif disposant de 5 \u00e0 7 terrains<\/strong>.<\/p>\n\n\n\n<hr class=\"wp-block-separator has-alpha-channel-opacity\"\/>\n\n\n\n<p class=\"has-text-align-center\"><strong>Lundi<\/strong><br><em>de 18h \u00e0 20h30<\/em> <br>avec entrainement pour les d\u00e9butants \u00e0 19h (1 lundi sur 2)<br><a href=\"https:\/\/www.google.com\/maps\/place\/Gymnase+Yannick+Souvr%C3%A9\/@47.1047729,2.4838761,17z\/data=!3m1!4b1!4m6!3m5!1s0x47fa98016471eb13:0xd0d78ad43246fc8d!8m2!3d47.1047729!4d2.4838761!16s%2Fg%2F11hbc4f_5n?entry=ttu\">gymnase Y. SOUVRE<\/a><\/p>\n\n\n\n<p class=\"has-text-align-center\"><strong>Mardi<\/strong><br><em>de 20h30 \u00e0 22h30<\/em><br>jeu libre<br><a href=\"https:\/\/www.google.com\/maps\/place\/Gymnase+Yannick+Souvr%C3%A9\/@47.1047729,2.4838761,17z\/data=!3m1!4b1!4m6!3m5!1s0x47fa98016471eb13:0xd0d78ad43246fc8d!8m2!3d47.1047729!4d2.4838761!16s%2Fg%2F11hbc4f_5n?entry=ttu\">gymnase Y. SOUVRE<\/a><\/p>\n\n\n\n<p class=\"has-text-align-center\"><strong>Mercredi <\/strong><br><em>de 20h30 \u00e0 22h30<\/em><br>entrainement pour les comp\u00e9titeurs Interclubs (sous validation du Club)<br><a href=\"https:\/\/www.google.com\/maps\/place\/Gymnase+Jacques+Prevert\/@47.1033346,2.4790563,17z\/data=!3m1!4b1!4m6!3m5!1s0x47fa9802658c7f65:0xda8dc449dec8e0bc!8m2!3d47.1033346!4d2.4816312!16s%2Fg%2F11b7l1g5vs?entry=ttu\">gymnase J. PREVERT<\/a><\/p>\n\n\n\n<p class=\"has-text-align-center\"><strong>Jeudi<\/strong><br><em>de 21h \u00e0 22h30<\/em><br>jeu libre<br><a href=\"https:\/\/www.google.com\/maps\/place\/Gymnase+Yannick+Souvr%C3%A9\/@47.1047729,2.4838761,17z\/data=!3m1!4b1!4m6!3m5!1s0x47fa98016471eb13:0xd0d78ad43246fc8d!8m2!3d47.1047729!4d2.4838761!16s%2Fg%2F11hbc4f_5n?entry=ttu\">gymnase Y. SOUVRE<\/a><\/p>\n\n\n\n<p class=\"has-text-align-center\"><strong>Vendredi <\/strong><br><em>de 20h30 \u00e0 22h30<\/em><br>jeu libre<br><a href=\"https:\/\/www.google.com\/maps\/place\/Gymnase+Yannick+Souvr%C3%A9\/@47.1047729,2.4838761,17z\/data=!3m1!4b1!4m6!3m5!1s0x47fa98016471eb13:0xd0d78ad43246fc8d!8m2!3d47.1047729!4d2.4838761!16s%2Fg%2F11hbc4f_5n?entry=ttu\">gymnase Y. SOUVRE<\/a><\/p>\n\n\n\n<hr class=\"wp-block-separator has-alpha-channel-opacity\"\/>\n\n\n\n<h2 class=\"wp-block-heading has-text-align-center\">Le tarif adulte<\/h2>\n\n\n\n<p class=\"has-text-align-center\"><strong>Le montant de la licence est de 110 \u20ac<\/strong><br>Et de 25 \u20ac suppl\u00e9mentaires si vous participez \u00e0 l&rsquo;entrainement en tant que comp\u00e9titeur Interclubs<br>Diff\u00e9rentes r\u00e9ductions existent :<\/p>\n\n\n\n<ul class=\"wp-block-list\">\n<li><strong>20 \u20ac<\/strong> Etudiant ou sans emploi<\/li>\n\n\n\n<li><strong>15 \u20ac<\/strong> Pack famille (uniquement pour la 2<sup>\u00e8me<\/sup> licence)<\/li>\n\n\n\n<li><strong>40 \u20ac<\/strong> Encadrant et juge-arbitre<\/li>\n<\/ul>\n\n\n\n<hr class=\"wp-block-separator has-alpha-channel-opacity\"\/>\n\n\n\n<h2 class=\"wp-block-heading has-text-align-center\">Les avantages du Club<\/h2>\n\n\n\n<ul class=\"wp-block-list\">\n<li>3 s\u00e9ances d\u2019essai gratuites<\/li>\n\n\n\n<li>La libert\u00e9 de venir autant de fois que vous souhaitez dans la semaine<\/li>\n\n\n\n<li>Des entrainements pour les d\u00e9butants <\/li>\n\n\n\n<li>Des entrainements pour les comp\u00e9titeurs jouant en <a href=\"https:\/\/testv7.bcsg18.fr\/?page_id=59\" data-type=\"page\" data-id=\"59\">Interclubs<\/a> (sous validation du Club)<\/li>\n\n\n\n<li>L&rsquo;acc\u00e8s \u00e0 des <a href=\"https:\/\/testv7.bcsg18.fr\/?page_id=6037\" data-type=\"page\" data-id=\"6037\">animations<\/a> et \u00e0 de nombreux \u00e9v\u00e9nements conviviaux<\/li>\n\n\n\n<li>Des tarifs pr\u00e9f\u00e9rentiels sur les <a href=\"https:\/\/testv7.bcsg18.fr\/?page_id=5766\" data-type=\"page\" data-id=\"5766\">volants<\/a> et les <a href=\"https:\/\/testv7.bcsg18.fr\/?page_id=5766\" data-type=\"page\" data-id=\"5766\">cordages<\/a><\/li>\n\n\n\n<li>L&rsquo;inscription offerte sur les <a href=\"https:\/\/testv7.bcsg18.fr\/?page_id=35\" data-type=\"page\" data-id=\"35\">tournois<\/a> organis\u00e9s par le Club<\/li>\n\n\n\n<li>Une r\u00e9duction de 3 \u20ac valable sur chaque inscription \u00e0 une comp\u00e9tition<\/li>\n<\/ul>\n\n\n\n<hr class=\"wp-block-separator has-alpha-channel-opacity\"\/>\n\n\n\n<h2 class=\"wp-block-heading has-text-align-center\">Plus d&rsquo;infos<\/h2>\n\n\n\n<p class=\"has-text-align-center\"><strong>Pour avoir plus d\u2019informations sur les cr\u00e9neaux adultes <a href=\"https:\/\/testv7.bcsg18.fr\/?page_id=6057\">\u00e9crivez-nous<\/a><\/strong><\/p>\n","protected":false},"excerpt":{"rendered":"<p>Adultes 5 cr\u00e9neaux adultes par semaine Ensemble avec la Ville de Saint Germain du Puy, nous sommes fiers de vous proposer toute la semaine des cr\u00e9neaux dans un complexe sportif [&hellip;]<\/p>\n","protected":false},"author":6,"featured_media":0,"parent":0,"menu_order":0,"comment_status":"closed","ping_status":"closed","template":"","meta":{"_seopress_robots_primary_cat":"","_seopress_titles_title":"","_seopress_titles_desc":"","_seopress_robots_index":"","site-sidebar-layout":"no-sidebar","site-content-layout":"","ast-site-content-layout":"normal-width-container","site-content-style":"default","site-sidebar-style":"default","ast-global-header-display":"","ast-banner-title-visibility":"","ast-main-header-display":"disabled","ast-hfb-above-header-display":"","ast-hfb-below-header-display":"","ast-hfb-mobile-header-display":"disabled","site-post-title":"disabled","ast-breadcrumbs-content":"","ast-featured-img":"","footer-sml-layout":"","theme-transparent-header-meta":"disabled","adv-header-id-meta":"","stick-header-meta":"","header-above-stick-meta":"","header-main-stick-meta":"","header-below-stick-meta":"","astra-migrate-meta-layouts":"set","ast-page-background-enabled":"default","ast-page-background-meta":{"desktop":{"background-color":"var(--ast-global-color-4)","background-image":"","background-repeat":"repeat","background-position":"center center","background-size":"auto","background-attachment":"scroll","background-type":"","background-media":"","overlay-type":"","overlay-color":"","overlay-opacity":"","overlay-gradient":""},"tablet":{"background-color":"","background-image":"","background-repeat":"repeat","background-position":"center center","background-size":"auto","background-attachment":"scroll","background-type":"","background-media":"","overlay-type":"","overlay-color":"","overlay-opacity":"","overlay-gradient":""},"mobile":{"background-color":"","background-image":"","background-repeat":"repeat","background-position":"center center","background-size":"auto","background-attachment":"scroll","background-type":"","background-media":"","overlay-type":"","overlay-color":"","overlay-opacity":"","overlay-gradient":""}},"ast-content-background-meta":{"desktop":{"background-color":"var(--ast-global-color-5)","background-image":"","background-repeat":"repeat","background-position":"center center","background-size":"auto","background-attachment":"scroll","background-type":"","background-media":"","overlay-type":"","overlay-color":"","overlay-opacity":"","overlay-gradient":""},"tablet":{"background-color":"var(--ast-global-color-5)","background-image":"","background-repeat":"repeat","background-position":"center center","background-size":"auto","background-attachment":"scroll","background-type":"","background-media":"","overlay-type":"","overlay-color":"","overlay-opacity":"","overlay-gradient":""},"mobile":{"background-color":"var(--ast-global-color-5)","background-image":"","background-repeat":"repeat","background-position":"center center","background-size":"auto","background-attachment":"scroll","background-type":"","background-media":"","overlay-type":"","overlay-color":"","overlay-opacity":"","overlay-gradient":""}},"footnotes":""},"class_list":["post-57","page","type-page","status-publish","hentry"],"_links":{"self":[{"href":"https:\/\/testv7.bcsg18.fr\/index.php?rest_route=\/wp\/v2\/pages\/57","targetHints":{"allow":["GET"]}}],"collection":[{"href":"https:\/\/testv7.bcsg18.fr\/index.php?rest_route=\/wp\/v2\/pages"}],"about":[{"href":"https:\/\/testv7.bcsg18.fr\/index.php?rest_route=\/wp\/v2\/types\/page"}],"author":[{"embeddable":true,"href":"https:\/\/testv7.bcsg18.fr\/index.php?rest_route=\/wp\/v2\/users\/6"}],"replies":[{"embeddable":true,"href":"https:\/\/testv7.bcsg18.fr\/index.php?rest_route=%2Fwp%2Fv2%2Fcomments&post=57"}],"version-history":[{"count":61,"href":"https:\/\/testv7.bcsg18.fr\/index.php?rest_route=\/wp\/v2\/pages\/57\/revisions"}],"predecessor-version":[{"id":6715,"href":"https:\/\/testv7.bcsg18.fr\/index.php?rest_route=\/wp\/v2\/pages\/57\/revisions\/6715"}],"wp:attachment":[{"href":"https:\/\/testv7.bcsg18.fr\/index.php?rest_route=%2Fwp%2Fv2%2Fmedia&parent=57"}],"curies":[{"name":"wp","href":"https:\/\/api.w.org\/{rel}","templated":true}]}}