{"id":5766,"date":"2024-01-07T11:46:02","date_gmt":"2024-01-07T11:46:02","guid":{"rendered":"https:\/\/testv7.bcsg18.fr\/?page_id=5766"},"modified":"2026-04-06T17:40:44","modified_gmt":"2026-04-06T17:40:44","slug":"boutique","status":"publish","type":"page","link":"https:\/\/testv7.bcsg18.fr\/?page_id=5766","title":{"rendered":"Boutique"},"content":{"rendered":"\n\n\n<h2 class=\"wp-block-heading has-text-align-center\">La commande rapide<\/h2>\n\n\n\n<hr class=\"wp-block-separator has-alpha-channel-opacity\"\/>\n\n\n\n<p class=\"has-text-align-center\">Tout au long de la saison, notre Club vous propose <strong>des services \u00e0 un prix pr\u00e9f\u00e9rentiel<\/strong> via une plateforme de paiement s\u00e9curis\u00e9e.<\/p>\n\n\n\n<hr class=\"wp-block-separator has-alpha-channel-opacity\"\/>\n\n\n\n<figure class=\"wp-block-image aligncenter size-thumbnail is-resized wp-duotone-midnight\"><img loading=\"lazy\" decoding=\"async\" width=\"300\" height=\"300\" src=\"https:\/\/testv7.bcsg18.fr\/wp-content\/uploads\/Web_Badminton-BCSG18_Boutique-3-edited-300x300.jpg\" alt=\"\" class=\"wp-image-6469\" style=\"width:256px\"\/><\/figure>\n\n\n\n<p class=\"has-text-align-center\"><strong>25 \u20ac<\/strong> la bo\u00eete de <em>RSL 3<\/em><br><strong>17 \u20ac<\/strong> la bo\u00eete de <em>DTL 81<\/em><br><strong>13 \u20ac<\/strong> la bo\u00eete de <em>Volant hybrid<\/em><\/p>\n\n\n\n<div class=\"wp-block-buttons is-content-justification-center is-layout-flex wp-container-core-buttons-is-layout-a89b3969 wp-block-buttons-is-layout-flex\">\n<div class=\"wp-block-button\"><a class=\"wp-block-button__link has-text-align-center wp-element-button\" href=\"https:\/\/badminton-club-saint-germain-18.s2.yapla.com\/fr\/event-45976?fbclid=IwY2xjawEeE-VleHRuA2FlbQIxMAABHZKMqDKzJVIUm8isBStX0wLo31Hkt13cWHBTCB757QI1cbBTjwW2e0LmRA_aem_dFbN954cdyka3fXzk8CfJQ\">J&rsquo;ach\u00e8te des volants<\/a><\/div>\n<\/div>\n\n\n\n<hr class=\"wp-block-separator has-alpha-channel-opacity\"\/>\n\n\n\n<h3 class=\"wp-block-heading has-text-align-center\">Le cordage<\/h3>\n\n\n\n<figure class=\"wp-block-image aligncenter size-thumbnail is-resized wp-duotone-000000-0693e3-1\"><a href=\"https:\/\/badminton-club-saint-germain-18.s2.yapla.com\/fr\/event-15970?fbclid=IwY2xjawEeFGhleHRuA2FlbQIxMAABHTlvgSHAPsMQHJrkO289p_WcU8THogo63InZMU5c9ZjV5pLV0UKKiPl6mw_aem_515TJWdcTA-svxxrOvr8Vw\"><img loading=\"lazy\" decoding=\"async\" width=\"300\" height=\"300\" src=\"https:\/\/testv7.bcsg18.fr\/wp-content\/uploads\/Web_Badminton-BCSG18_Boutique2-1-300x300.jpg\" alt=\"\" class=\"wp-image-6475\" style=\"width:256px;height:auto\" srcset=\"https:\/\/testv7.bcsg18.fr\/wp-content\/uploads\/Web_Badminton-BCSG18_Boutique2-1-300x300.jpg 300w, https:\/\/testv7.bcsg18.fr\/wp-content\/uploads\/Web_Badminton-BCSG18_Boutique2-1-600x600.jpg 600w, https:\/\/testv7.bcsg18.fr\/wp-content\/uploads\/Web_Badminton-BCSG18_Boutique2-1-1024x1024.jpg 1024w, https:\/\/testv7.bcsg18.fr\/wp-content\/uploads\/Web_Badminton-BCSG18_Boutique2-1-768x768.jpg 768w, https:\/\/testv7.bcsg18.fr\/wp-content\/uploads\/Web_Badminton-BCSG18_Boutique2-1.jpg 1042w\" sizes=\"auto, (max-width: 300px) 100vw, 300px\" \/><\/a><\/figure>\n\n\n\n<p class=\"has-text-align-center\"><strong>17 \u20ac<\/strong> la pose avec cordage fourni par le Club<br><strong>11 \u20ac<\/strong> la pose seule (cordage non fourni)<\/p>\n\n\n\n<div class=\"wp-block-buttons is-content-justification-center is-layout-flex wp-container-core-buttons-is-layout-a89b3969 wp-block-buttons-is-layout-flex\">\n<div class=\"wp-block-button\"><a class=\"wp-block-button__link has-text-align-center wp-element-button\" href=\"https:\/\/badminton-club-saint-germain-18.s2.yapla.com\/fr\/event-15970?fbclid=IwY2xjawEeFGhleHRuA2FlbQIxMAABHTlvgSHAPsMQHJrkO289p_WcU8THogo63InZMU5c9ZjV5pLV0UKKiPl6mw_aem_515TJWdcTA-svxxrOvr8Vw\">Je recorde ma raquette<\/a><\/div>\n<\/div>\n\n\n\n<hr class=\"wp-block-separator has-alpha-channel-opacity\"\/>\n\n\n\n<h3 class=\"wp-block-heading has-text-align-center\">Les v\u00eatements<\/h3>\n\n\n\n<figure class=\"wp-block-image aligncenter size-thumbnail is-resized wp-duotone-000000-0693e3-2\"><img loading=\"lazy\" decoding=\"async\" width=\"300\" height=\"300\" src=\"https:\/\/testv7.bcsg18.fr\/wp-content\/uploads\/Web_Badminton-BCSG18_Boutique3-1-300x300.jpg\" alt=\"\" class=\"wp-image-6479\" style=\"width:256px;height:auto\" srcset=\"https:\/\/testv7.bcsg18.fr\/wp-content\/uploads\/Web_Badminton-BCSG18_Boutique3-1-300x300.jpg 300w, https:\/\/testv7.bcsg18.fr\/wp-content\/uploads\/Web_Badminton-BCSG18_Boutique3-1-600x600.jpg 600w, https:\/\/testv7.bcsg18.fr\/wp-content\/uploads\/Web_Badminton-BCSG18_Boutique3-1-1024x1024.jpg 1024w, https:\/\/testv7.bcsg18.fr\/wp-content\/uploads\/Web_Badminton-BCSG18_Boutique3-1-768x768.jpg 768w, https:\/\/testv7.bcsg18.fr\/wp-content\/uploads\/Web_Badminton-BCSG18_Boutique3-1.jpg 1042w\" sizes=\"auto, (max-width: 300px) 100vw, 300px\" \/><\/figure>\n\n\n\n<p class=\"has-text-align-center\"><strong> Polo Victor avec le logo du Club<\/strong><br>Tailles disponibles : de S \u00e0 XXL<br>Coupe homme ou coupe femme<\/p>\n\n\n\n<div class=\"wp-block-buttons is-content-justification-center is-layout-flex wp-container-core-buttons-is-layout-a89b3969 wp-block-buttons-is-layout-flex\">\n<div class=\"wp-block-button\"><a class=\"wp-block-button__link has-text-align-center wp-element-button\" href=\"https:\/\/badminton-club-saint-germain-18.s2.yapla.com\/fr\/event-45972?fbclid=IwY2xjawEeFJhleHRuA2FlbQIxMAABHZKMqDKzJVIUm8isBStX0wLo31Hkt13cWHBTCB757QI1cbBTjwW2e0LmRA_aem_dFbN954cdyka3fXzk8CfJQ\">J&rsquo;ach\u00e8te le polo<\/a><\/div>\n<\/div>\n\n\n\n<p class=\"has-text-align-center\"><strong>Veste \u00e0 capuche avec le logo du Club<\/strong><br>Tailles disponibles : de S \u00e0 XXL<br>Coupe mixte<\/p>\n\n\n\n<div class=\"wp-block-buttons is-content-justification-center is-layout-flex wp-container-core-buttons-is-layout-a89b3969 wp-block-buttons-is-layout-flex\">\n<div class=\"wp-block-button\"><a class=\"wp-block-button__link has-text-align-center wp-element-button\" href=\"https:\/\/badminton-club-saint-germain-18.s2.yapla.com\/fr\/event-45971?fbclid=IwY2xjawEeG7dleHRuA2FlbQIxMAABHTRzsILsjAtHM08hyMoAc3zghhAaxWSXYKBaZOx217M6FrwIPLdTntvR5A_aem_0eNz4t3Vf9WIxl4VvM8Ewg\">J&rsquo;ach\u00e8te la veste<\/a><\/div>\n<\/div>\n\n\n\n<hr class=\"wp-block-separator has-alpha-channel-opacity\"\/>\n\n\n\n<h3 class=\"wp-block-heading has-text-align-center\">Plus d&rsquo;infos<\/h3>\n\n\n\n<p class=\"has-text-align-center\"><strong>Pour avoir plus d&rsquo;informations sur nos produits, <a href=\"materiel@bcsg18.fr\">\u00e9crivez-nous<\/a><\/strong><\/p>\n","protected":false},"excerpt":{"rendered":"<p>La commande rapide Tout au long de la saison, notre Club vous propose des services \u00e0 un prix pr\u00e9f\u00e9rentiel via une plateforme de paiement s\u00e9curis\u00e9e. 25 \u20ac la bo\u00eete de [&hellip;]<\/p>\n","protected":false},"author":1,"featured_media":0,"parent":0,"menu_order":0,"comment_status":"closed","ping_status":"closed","template":"","meta":{"_seopress_robots_primary_cat":"","_seopress_titles_title":"","_seopress_titles_desc":"","_seopress_robots_index":"","site-sidebar-layout":"default","site-content-layout":"","ast-site-content-layout":"default","site-content-style":"default","site-sidebar-style":"default","ast-global-header-display":"","ast-banner-title-visibility":"","ast-main-header-display":"disabled","ast-hfb-above-header-display":"","ast-hfb-below-header-display":"","ast-hfb-mobile-header-display":"disabled","site-post-title":"","ast-breadcrumbs-content":"","ast-featured-img":"","footer-sml-layout":"","theme-transparent-header-meta":"","adv-header-id-meta":"","stick-header-meta":"","header-above-stick-meta":"","header-main-stick-meta":"","header-below-stick-meta":"","astra-migrate-meta-layouts":"set","ast-page-background-enabled":"default","ast-page-background-meta":{"desktop":{"background-color":"var(--ast-global-color-4)","background-image":"","background-repeat":"repeat","background-position":"center center","background-size":"auto","background-attachment":"scroll","background-type":"","background-media":"","overlay-type":"","overlay-color":"","overlay-opacity":"","overlay-gradient":""},"tablet":{"background-color":"","background-image":"","background-repeat":"repeat","background-position":"center center","background-size":"auto","background-attachment":"scroll","background-type":"","background-media":"","overlay-type":"","overlay-color":"","overlay-opacity":"","overlay-gradient":""},"mobile":{"background-color":"","background-image":"","background-repeat":"repeat","background-position":"center center","background-size":"auto","background-attachment":"scroll","background-type":"","background-media":"","overlay-type":"","overlay-color":"","overlay-opacity":"","overlay-gradient":""}},"ast-content-background-meta":{"desktop":{"background-color":"var(--ast-global-color-5)","background-image":"","background-repeat":"repeat","background-position":"center center","background-size":"auto","background-attachment":"scroll","background-type":"","background-media":"","overlay-type":"","overlay-color":"","overlay-opacity":"","overlay-gradient":""},"tablet":{"background-color":"var(--ast-global-color-5)","background-image":"","background-repeat":"repeat","background-position":"center center","background-size":"auto","background-attachment":"scroll","background-type":"","background-media":"","overlay-type":"","overlay-color":"","overlay-opacity":"","overlay-gradient":""},"mobile":{"background-color":"var(--ast-global-color-5)","background-image":"","background-repeat":"repeat","background-position":"center center","background-size":"auto","background-attachment":"scroll","background-type":"","background-media":"","overlay-type":"","overlay-color":"","overlay-opacity":"","overlay-gradient":""}},"footnotes":""},"class_list":["post-5766","page","type-page","status-publish","hentry"],"_links":{"self":[{"href":"https:\/\/testv7.bcsg18.fr\/index.php?rest_route=\/wp\/v2\/pages\/5766","targetHints":{"allow":["GET"]}}],"collection":[{"href":"https:\/\/testv7.bcsg18.fr\/index.php?rest_route=\/wp\/v2\/pages"}],"about":[{"href":"https:\/\/testv7.bcsg18.fr\/index.php?rest_route=\/wp\/v2\/types\/page"}],"author":[{"embeddable":true,"href":"https:\/\/testv7.bcsg18.fr\/index.php?rest_route=\/wp\/v2\/users\/1"}],"replies":[{"embeddable":true,"href":"https:\/\/testv7.bcsg18.fr\/index.php?rest_route=%2Fwp%2Fv2%2Fcomments&post=5766"}],"version-history":[{"count":30,"href":"https:\/\/testv7.bcsg18.fr\/index.php?rest_route=\/wp\/v2\/pages\/5766\/revisions"}],"predecessor-version":[{"id":6786,"href":"https:\/\/testv7.bcsg18.fr\/index.php?rest_route=\/wp\/v2\/pages\/5766\/revisions\/6786"}],"wp:attachment":[{"href":"https:\/\/testv7.bcsg18.fr\/index.php?rest_route=%2Fwp%2Fv2%2Fmedia&parent=5766"}],"curies":[{"name":"wp","href":"https:\/\/api.w.org\/{rel}","templated":true}]}}