{"id":59,"date":"2022-10-15T15:05:33","date_gmt":"2022-10-15T15:05:33","guid":{"rendered":"https:\/\/testv7.bcsg18.fr\/?page_id=59"},"modified":"2024-09-01T07:14:40","modified_gmt":"2024-09-01T07:14:40","slug":"encadrant","status":"publish","type":"page","link":"https:\/\/testv7.bcsg18.fr\/?page_id=59","title":{"rendered":"Interclubs"},"content":{"rendered":"\n<h2 class=\"wp-block-heading has-text-align-center\">L&rsquo;esprit d&rsquo;\u00e9quipe en compet&rsquo;<\/h2>\n\n\n\n<hr class=\"wp-block-separator has-alpha-channel-opacity\"\/>\n\n\n\n<p class=\"has-text-align-center\">Chaque saison notre Club se donne un nouvel \u00e9lan et de <strong>prometteuses perspectives en \u00e9quipe<\/strong> gr\u00e2ce \u00e0 son r\u00e9seau de comp\u00e9titeurs Interclubs.<\/p>\n\n\n\n<hr class=\"wp-block-separator has-alpha-channel-opacity\"\/>\n\n\n\n<div class=\"wp-block-buttons is-content-justification-center is-layout-flex wp-container-core-buttons-is-layout-a89b3969 wp-block-buttons-is-layout-flex\">\n<div class=\"wp-block-button\"><a class=\"wp-block-button__link wp-element-button\" href=\"https:\/\/ebad.fr\/\">Voir les r\u00e9sultats sur ebad<\/a><\/div>\n<\/div>\n\n\n\n<div class=\"wp-block-columns alignwide is-layout-flex wp-container-core-columns-is-layout-28f84493 wp-block-columns-is-layout-flex\">\n<div class=\"wp-block-column is-layout-flow wp-block-column-is-layout-flow\" style=\"flex-basis:100%\">\n<ul class=\"wp-block-list\">\n<li>Equipe R\u00e9gionale 2<\/li>\n\n\n\n<li>Equipe D\u00e9partementale 1<\/li>\n\n\n\n<li>Equipe D\u00e9partementale 2<\/li>\n\n\n\n<li>Equipe D\u00e9partementale 3<\/li>\n\n\n\n<li>Equipe RIL<\/li>\n\n\n\n<li>Coupe r\u00e9gionale \u00e9quipes f\u00e9minine et masculine<\/li>\n<\/ul>\n<\/div>\n<\/div>\n\n\n\n<figure class=\"wp-block-gallery has-nested-images columns-default is-cropped wp-block-gallery-7 is-layout-flex wp-block-gallery-is-layout-flex\">\n<figure class=\"wp-block-image size-large wp-duotone-000000-8ed1fc-1\"><img loading=\"lazy\" decoding=\"async\" width=\"428\" height=\"428\" data-id=\"6290\" src=\"https:\/\/testv7.bcsg18.fr\/wp-content\/uploads\/Web_Badminton-BCSG18_Interclubs-1.jpg\" alt=\"\" class=\"wp-image-6290\" srcset=\"https:\/\/testv7.bcsg18.fr\/wp-content\/uploads\/Web_Badminton-BCSG18_Interclubs-1.jpg 428w, https:\/\/testv7.bcsg18.fr\/wp-content\/uploads\/Web_Badminton-BCSG18_Interclubs-1-300x300.jpg 300w\" sizes=\"auto, (max-width: 428px) 100vw, 428px\" \/><figcaption class=\"wp-element-caption\">Equipe R\u00e9gionale 2<\/figcaption><\/figure>\n\n\n\n<figure class=\"wp-block-image size-large wp-duotone-000000-8ed1fc-2\"><img loading=\"lazy\" decoding=\"async\" width=\"432\" height=\"432\" data-id=\"6289\" src=\"https:\/\/testv7.bcsg18.fr\/wp-content\/uploads\/Web_Badminton-BCSG18_Interclubs-2.jpg\" alt=\"\" class=\"wp-image-6289\" srcset=\"https:\/\/testv7.bcsg18.fr\/wp-content\/uploads\/Web_Badminton-BCSG18_Interclubs-2.jpg 432w, https:\/\/testv7.bcsg18.fr\/wp-content\/uploads\/Web_Badminton-BCSG18_Interclubs-2-300x300.jpg 300w\" sizes=\"auto, (max-width: 432px) 100vw, 432px\" \/><figcaption class=\"wp-element-caption\">Equipe D\u00e9partementale 1<\/figcaption><\/figure>\n\n\n\n<figure class=\"wp-block-image size-large wp-duotone-000000-8ed1fc-3\"><img loading=\"lazy\" decoding=\"async\" width=\"426\" height=\"428\" data-id=\"6292\" src=\"https:\/\/testv7.bcsg18.fr\/wp-content\/uploads\/Web_Badminton-BCSG18_Interclubs-3.jpg\" alt=\"\" class=\"wp-image-6292\" srcset=\"https:\/\/testv7.bcsg18.fr\/wp-content\/uploads\/Web_Badminton-BCSG18_Interclubs-3.jpg 426w, https:\/\/testv7.bcsg18.fr\/wp-content\/uploads\/Web_Badminton-BCSG18_Interclubs-3-300x300.jpg 300w\" sizes=\"auto, (max-width: 426px) 100vw, 426px\" \/><figcaption class=\"wp-element-caption\">Equipe D\u00e9partementale 2<\/figcaption><\/figure>\n\n\n\n<figure class=\"wp-block-image size-large wp-duotone-000000-8ed1fc-4\"><img loading=\"lazy\" decoding=\"async\" width=\"425\" height=\"425\" data-id=\"6291\" src=\"https:\/\/testv7.bcsg18.fr\/wp-content\/uploads\/Web_Badminton-BCSG18_Interclubs-4.jpg\" alt=\"\" class=\"wp-image-6291\" srcset=\"https:\/\/testv7.bcsg18.fr\/wp-content\/uploads\/Web_Badminton-BCSG18_Interclubs-4.jpg 425w, https:\/\/testv7.bcsg18.fr\/wp-content\/uploads\/Web_Badminton-BCSG18_Interclubs-4-300x300.jpg 300w\" sizes=\"auto, (max-width: 425px) 100vw, 425px\" \/><figcaption class=\"wp-element-caption\">Equipe D\u00e9partementale 3<\/figcaption><\/figure>\n\n\n\n<figure class=\"wp-block-image size-large wp-duotone-000000-8ed1fc-5\"><img loading=\"lazy\" decoding=\"async\" width=\"428\" height=\"428\" data-id=\"6293\" src=\"https:\/\/testv7.bcsg18.fr\/wp-content\/uploads\/Web_Badminton-BCSG18_Interclubs-5.jpg\" alt=\"\" class=\"wp-image-6293\" srcset=\"https:\/\/testv7.bcsg18.fr\/wp-content\/uploads\/Web_Badminton-BCSG18_Interclubs-5.jpg 428w, https:\/\/testv7.bcsg18.fr\/wp-content\/uploads\/Web_Badminton-BCSG18_Interclubs-5-300x300.jpg 300w\" sizes=\"auto, (max-width: 428px) 100vw, 428px\" \/><figcaption class=\"wp-element-caption\">Equipe RIL<\/figcaption><\/figure>\n\n\n\n<figure class=\"wp-block-image size-large wp-duotone-000000-8ed1fc-6\"><img loading=\"lazy\" decoding=\"async\" width=\"633\" height=\"635\" data-id=\"6294\" src=\"https:\/\/testv7.bcsg18.fr\/wp-content\/uploads\/Web_Badminton-BCSG18_Interclubs-6.jpg\" alt=\"\" class=\"wp-image-6294\" srcset=\"https:\/\/testv7.bcsg18.fr\/wp-content\/uploads\/Web_Badminton-BCSG18_Interclubs-6.jpg 633w, https:\/\/testv7.bcsg18.fr\/wp-content\/uploads\/Web_Badminton-BCSG18_Interclubs-6-598x600.jpg 598w, https:\/\/testv7.bcsg18.fr\/wp-content\/uploads\/Web_Badminton-BCSG18_Interclubs-6-300x300.jpg 300w\" sizes=\"auto, (max-width: 633px) 100vw, 633px\" \/><figcaption class=\"wp-element-caption\">Coupe R\u00e9gionale \u00e9quipes f\u00e9minine et masculine<\/figcaption><\/figure>\n<\/figure>\n","protected":false},"excerpt":{"rendered":"<p>L&rsquo;esprit d&rsquo;\u00e9quipe en compet&rsquo; Chaque saison notre Club se donne un nouvel \u00e9lan et de prometteuses perspectives en \u00e9quipe gr\u00e2ce \u00e0 son r\u00e9seau de comp\u00e9titeurs Interclubs.<\/p>\n","protected":false},"author":1,"featured_media":0,"parent":0,"menu_order":0,"comment_status":"closed","ping_status":"closed","template":"","meta":{"_seopress_robots_primary_cat":"","_seopress_titles_title":"","_seopress_titles_desc":"","_seopress_robots_index":"","site-sidebar-layout":"default","site-content-layout":"","ast-site-content-layout":"default","site-content-style":"default","site-sidebar-style":"default","ast-global-header-display":"","ast-banner-title-visibility":"","ast-main-header-display":"disabled","ast-hfb-above-header-display":"","ast-hfb-below-header-display":"","ast-hfb-mobile-header-display":"disabled","site-post-title":"","ast-breadcrumbs-content":"","ast-featured-img":"","footer-sml-layout":"","theme-transparent-header-meta":"","adv-header-id-meta":"","stick-header-meta":"","header-above-stick-meta":"","header-main-stick-meta":"","header-below-stick-meta":"","astra-migrate-meta-layouts":"set","ast-page-background-enabled":"default","ast-page-background-meta":{"desktop":{"background-color":"var(--ast-global-color-4)","background-image":"","background-repeat":"repeat","background-position":"center center","background-size":"auto","background-attachment":"scroll","background-type":"","background-media":"","overlay-type":"","overlay-color":"","overlay-opacity":"","overlay-gradient":""},"tablet":{"background-color":"","background-image":"","background-repeat":"repeat","background-position":"center center","background-size":"auto","background-attachment":"scroll","background-type":"","background-media":"","overlay-type":"","overlay-color":"","overlay-opacity":"","overlay-gradient":""},"mobile":{"background-color":"","background-image":"","background-repeat":"repeat","background-position":"center center","background-size":"auto","background-attachment":"scroll","background-type":"","background-media":"","overlay-type":"","overlay-color":"","overlay-opacity":"","overlay-gradient":""}},"ast-content-background-meta":{"desktop":{"background-color":"var(--ast-global-color-5)","background-image":"","background-repeat":"repeat","background-position":"center center","background-size":"auto","background-attachment":"scroll","background-type":"","background-media":"","overlay-type":"","overlay-color":"","overlay-opacity":"","overlay-gradient":""},"tablet":{"background-color":"var(--ast-global-color-5)","background-image":"","background-repeat":"repeat","background-position":"center center","background-size":"auto","background-attachment":"scroll","background-type":"","background-media":"","overlay-type":"","overlay-color":"","overlay-opacity":"","overlay-gradient":""},"mobile":{"background-color":"var(--ast-global-color-5)","background-image":"","background-repeat":"repeat","background-position":"center center","background-size":"auto","background-attachment":"scroll","background-type":"","background-media":"","overlay-type":"","overlay-color":"","overlay-opacity":"","overlay-gradient":""}},"footnotes":""},"class_list":["post-59","page","type-page","status-publish","hentry"],"_links":{"self":[{"href":"https:\/\/testv7.bcsg18.fr\/index.php?rest_route=\/wp\/v2\/pages\/59","targetHints":{"allow":["GET"]}}],"collection":[{"href":"https:\/\/testv7.bcsg18.fr\/index.php?rest_route=\/wp\/v2\/pages"}],"about":[{"href":"https:\/\/testv7.bcsg18.fr\/index.php?rest_route=\/wp\/v2\/types\/page"}],"author":[{"embeddable":true,"href":"https:\/\/testv7.bcsg18.fr\/index.php?rest_route=\/wp\/v2\/users\/1"}],"replies":[{"embeddable":true,"href":"https:\/\/testv7.bcsg18.fr\/index.php?rest_route=%2Fwp%2Fv2%2Fcomments&post=59"}],"version-history":[{"count":17,"href":"https:\/\/testv7.bcsg18.fr\/index.php?rest_route=\/wp\/v2\/pages\/59\/revisions"}],"predecessor-version":[{"id":6701,"href":"https:\/\/testv7.bcsg18.fr\/index.php?rest_route=\/wp\/v2\/pages\/59\/revisions\/6701"}],"wp:attachment":[{"href":"https:\/\/testv7.bcsg18.fr\/index.php?rest_route=%2Fwp%2Fv2%2Fmedia&parent=59"}],"curies":[{"name":"wp","href":"https:\/\/api.w.org\/{rel}","templated":true}]}}