{"id":6035,"date":"2024-06-20T17:34:47","date_gmt":"2024-06-20T17:34:47","guid":{"rendered":"https:\/\/testv7.bcsg18.fr\/?page_id=6035"},"modified":"2024-08-11T13:51:04","modified_gmt":"2024-08-11T13:51:04","slug":"historique-2","status":"publish","type":"page","link":"https:\/\/testv7.bcsg18.fr\/?page_id=6035","title":{"rendered":"Histoire"},"content":{"rendered":"\n<h2 class=\"wp-block-heading has-text-align-center\">1992<\/h2>\n\n\n\n<p class=\"has-text-align-center\">Notre Club na\u00eet sous l\u2019impulsion de <em>Gu\u00e9na\u00ebl TALVAS<\/em> avec la cr\u00e9ation d\u2019une section badminton au sein de l\u2019association <em>Saint Germain Sports Loisirs<\/em>.<\/p>\n\n\n\n<hr class=\"wp-block-separator has-alpha-channel-opacity\"\/>\n\n\n\n<h2 class=\"wp-block-heading has-text-align-center\">1997<\/h2>\n\n\n\n<p class=\"has-text-align-center\">Les dirigeants de la section d\u00e9cident de voler de leurs propres ailes ! C\u2019est ainsi que le <em>Badminton Club Saint Germain du Puy <\/em>voit officiellement le jour.<\/p>\n\n\n\n<hr class=\"wp-block-separator has-alpha-channel-opacity\"\/>\n\n\n\n<h2 class=\"wp-block-heading has-text-align-center\">2000<\/h2>\n\n\n\n<p class=\"has-text-align-center\">Pour la toute premi\u00e8re fois, notre Club ouvre les portes de son <a href=\"https:\/\/testv7.bcsg18.fr\/?page_id=6039\" data-type=\"page\" data-id=\"6039\">Ecole de badminton<\/a> aux enfants.<\/p>\n\n\n\n<hr class=\"wp-block-separator has-alpha-channel-opacity\"\/>\n\n\n\n<h2 class=\"wp-block-heading has-text-align-center\">2001<\/h2>\n\n\n\n<p class=\"has-text-align-center\"><a href=\"https:\/\/www.saintgermaindupuy.fr\/\">La Ville de Saint Germain du Puy<\/a> construit un second gymnase pour d\u00e9velopper son complexe sportif, le gymnase <a href=\"https:\/\/www.google.com\/maps\/place\/Gymnase+Yannick+Souvr%C3%A9\/@47.1047729,2.4838761,17z\/data=!3m1!4b1!4m6!3m5!1s0x47fa98016471eb13:0xd0d78ad43246fc8d!8m2!3d47.1047729!4d2.4838761!16s%2Fg%2F11hbc4f_5n?entry=ttu\"><em>Yannick SOUVRE<\/em><\/a>. Cela nous permet d&rsquo;augmenter le nombre de cr\u00e9neaux et d&rsquo;attirer de nouvelles personnes.<\/p>\n\n\n\n<hr class=\"wp-block-separator has-alpha-channel-opacity\"\/>\n\n\n\n<h2 class=\"wp-block-heading has-text-align-center\">2005<\/h2>\n\n\n\n<p class=\"has-text-align-center\">Notre club poursuit son d\u00e9veloppement et commence \u00e0 se structurer. Un Comit\u00e9 directeur et des Commissions apparaissent. La m\u00eame ann\u00e9e, nous encourageons les joueurs \u00e0 d\u00e9couvrir la comp\u00e9tition et nous organisons notre 1<sup>er<\/sup> tournoi.<\/p>\n\n\n\n<hr class=\"wp-block-separator has-alpha-channel-opacity\"\/>\n\n\n\n<h2 class=\"wp-block-heading has-text-align-center\">2008<\/h2>\n\n\n\n<p class=\"has-text-align-center\">Enfin, en 2008 apparait le 1<sup>er<\/sup> projet formalis\u00e9 du Club pour la p\u00e9riode 2008\/2012. A chaque Olympiade, nous mettons \u00e0 jour notre programme. Nous attaquons \u00e0 pr\u00e9sent le 5<sup>\u00e8me<\/sup> projet Club.<\/p>\n\n\n\n<hr class=\"wp-block-separator has-alpha-channel-opacity\"\/>\n\n\n\n<h2 class=\"wp-block-heading has-text-align-center\">2022<\/h2>\n\n\n\n<p class=\"has-text-align-center\">Le Club c\u00e9l\u00e8bre ses 30 ans en rassemblant l&rsquo;ensemble des personnes qui ont contribu\u00e9 \u00e0 sa cr\u00e9ation, son d\u00e9veloppement et sa consolidation. Aujourd&rsquo;hui, il est le 2<sup>\u00e8me<\/sup> plus grand Club du d\u00e9partement.<\/p>\n","protected":false},"excerpt":{"rendered":"<p>1992 Notre Club na\u00eet sous l\u2019impulsion de Gu\u00e9na\u00ebl TALVAS avec la cr\u00e9ation d\u2019une section badminton au sein de l\u2019association Saint Germain Sports Loisirs. 1997 Les dirigeants de la section d\u00e9cident [&hellip;]<\/p>\n","protected":false},"author":1,"featured_media":0,"parent":0,"menu_order":0,"comment_status":"closed","ping_status":"closed","template":"","meta":{"_seopress_robots_primary_cat":"","_seopress_titles_title":"","_seopress_titles_desc":"","_seopress_robots_index":"","site-sidebar-layout":"default","site-content-layout":"","ast-site-content-layout":"default","site-content-style":"default","site-sidebar-style":"default","ast-global-header-display":"","ast-banner-title-visibility":"","ast-main-header-display":"disabled","ast-hfb-above-header-display":"","ast-hfb-below-header-display":"","ast-hfb-mobile-header-display":"disabled","site-post-title":"","ast-breadcrumbs-content":"","ast-featured-img":"","footer-sml-layout":"","theme-transparent-header-meta":"","adv-header-id-meta":"","stick-header-meta":"","header-above-stick-meta":"","header-main-stick-meta":"","header-below-stick-meta":"","astra-migrate-meta-layouts":"set","ast-page-background-enabled":"default","ast-page-background-meta":{"desktop":{"background-color":"var(--ast-global-color-4)","background-image":"","background-repeat":"repeat","background-position":"center center","background-size":"auto","background-attachment":"scroll","background-type":"","background-media":"","overlay-type":"","overlay-color":"","overlay-opacity":"","overlay-gradient":""},"tablet":{"background-color":"","background-image":"","background-repeat":"repeat","background-position":"center center","background-size":"auto","background-attachment":"scroll","background-type":"","background-media":"","overlay-type":"","overlay-color":"","overlay-opacity":"","overlay-gradient":""},"mobile":{"background-color":"","background-image":"","background-repeat":"repeat","background-position":"center center","background-size":"auto","background-attachment":"scroll","background-type":"","background-media":"","overlay-type":"","overlay-color":"","overlay-opacity":"","overlay-gradient":""}},"ast-content-background-meta":{"desktop":{"background-color":"var(--ast-global-color-5)","background-image":"","background-repeat":"repeat","background-position":"center center","background-size":"auto","background-attachment":"scroll","background-type":"","background-media":"","overlay-type":"","overlay-color":"","overlay-opacity":"","overlay-gradient":""},"tablet":{"background-color":"var(--ast-global-color-5)","background-image":"","background-repeat":"repeat","background-position":"center center","background-size":"auto","background-attachment":"scroll","background-type":"","background-media":"","overlay-type":"","overlay-color":"","overlay-opacity":"","overlay-gradient":""},"mobile":{"background-color":"var(--ast-global-color-5)","background-image":"","background-repeat":"repeat","background-position":"center center","background-size":"auto","background-attachment":"scroll","background-type":"","background-media":"","overlay-type":"","overlay-color":"","overlay-opacity":"","overlay-gradient":""}},"footnotes":""},"class_list":["post-6035","page","type-page","status-publish","hentry"],"_links":{"self":[{"href":"https:\/\/testv7.bcsg18.fr\/index.php?rest_route=\/wp\/v2\/pages\/6035","targetHints":{"allow":["GET"]}}],"collection":[{"href":"https:\/\/testv7.bcsg18.fr\/index.php?rest_route=\/wp\/v2\/pages"}],"about":[{"href":"https:\/\/testv7.bcsg18.fr\/index.php?rest_route=\/wp\/v2\/types\/page"}],"author":[{"embeddable":true,"href":"https:\/\/testv7.bcsg18.fr\/index.php?rest_route=\/wp\/v2\/users\/1"}],"replies":[{"embeddable":true,"href":"https:\/\/testv7.bcsg18.fr\/index.php?rest_route=%2Fwp%2Fv2%2Fcomments&post=6035"}],"version-history":[{"count":11,"href":"https:\/\/testv7.bcsg18.fr\/index.php?rest_route=\/wp\/v2\/pages\/6035\/revisions"}],"predecessor-version":[{"id":6447,"href":"https:\/\/testv7.bcsg18.fr\/index.php?rest_route=\/wp\/v2\/pages\/6035\/revisions\/6447"}],"wp:attachment":[{"href":"https:\/\/testv7.bcsg18.fr\/index.php?rest_route=%2Fwp%2Fv2%2Fmedia&parent=6035"}],"curies":[{"name":"wp","href":"https:\/\/api.w.org\/{rel}","templated":true}]}}