{"id":6037,"date":"2024-06-20T17:35:14","date_gmt":"2024-06-20T17:35:14","guid":{"rendered":"https:\/\/testv7.bcsg18.fr\/?page_id=6037"},"modified":"2025-09-07T18:18:48","modified_gmt":"2025-09-07T18:18:48","slug":"animations","status":"publish","type":"page","link":"https:\/\/testv7.bcsg18.fr\/?page_id=6037","title":{"rendered":"Animations"},"content":{"rendered":"\n<h2 class=\"wp-block-heading has-text-align-center\">L&rsquo;esprit f\u00e9d\u00e9rateur<\/h2>\n\n\n\n<hr class=\"wp-block-separator has-alpha-channel-opacity\"\/>\n\n\n\n<p class=\"has-text-align-center\"><strong>La convivialit\u00e9 et la coh\u00e9sion entre licenci\u00e9s nous animent depuis plus de 30 ans.<\/strong> Ce fut d&rsquo;abord une premi\u00e8re exp\u00e9rience, puis c&rsquo;est devenu une tradition, la n\u00f4tre, celle du Badminton Club Saint Germain du Puy.<\/p>\n\n\n\n<hr class=\"wp-block-separator has-alpha-channel-opacity\"\/>\n\n\n\n<p class=\"has-text-align-center\">Notre Club vous propose de participer \u00e0 des activit\u00e9s pour <strong>se d\u00e9couvrir et \u00e9changer ailleurs que sur les terrains.<\/strong> Au programme : Laser Game, Bowling, jeux de soci\u00e9t\u00e9&#8230; Notre \u00e9tat d&rsquo;esprit est de rendre accessible \u00e0 tous ces animations, avec des tarifs pr\u00e9f\u00e9rentiels, et de partager ensemble de bons moments.<\/p>\n\n\n\n<p class=\"has-text-align-center\"><strong>Un large choix d&rsquo;activit\u00e9s !<\/strong> D\u00e9couvrez-les au fil de la saison sur les r\u00e9seaux sociaux.<\/p>\n\n\n\n<p style=\"padding-top:0;padding-bottom:0\"><\/p>\n\n\n\n<ul class=\"wp-block-social-links aligncenter has-large-icon-size is-layout-flex wp-block-social-links-is-layout-flex\"><li class=\"wp-social-link wp-social-link-facebook  wp-block-social-link\"><a href=\"https:\/\/www.facebook.com\/B.C.S.G.18\" class=\"wp-block-social-link-anchor\"><svg width=\"24\" height=\"24\" viewBox=\"0 0 24 24\" version=\"1.1\" xmlns=\"http:\/\/www.w3.org\/2000\/svg\" aria-hidden=\"true\" focusable=\"false\"><path d=\"M12 2C6.5 2 2 6.5 2 12c0 5 3.7 9.1 8.4 9.9v-7H7.9V12h2.5V9.8c0-2.5 1.5-3.9 3.8-3.9 1.1 0 2.2.2 2.2.2v2.5h-1.3c-1.2 0-1.6.8-1.6 1.6V12h2.8l-.4 2.9h-2.3v7C18.3 21.1 22 17 22 12c0-5.5-4.5-10-10-10z\"><\/path><\/svg><span class=\"wp-block-social-link-label screen-reader-text\">Facebook<\/span><\/a><\/li>\n\n<li class=\"wp-social-link wp-social-link-instagram  wp-block-social-link\"><a href=\"https:\/\/www.instagram.com\/bcsg.18390\/\" class=\"wp-block-social-link-anchor\"><svg width=\"24\" height=\"24\" viewBox=\"0 0 24 24\" version=\"1.1\" xmlns=\"http:\/\/www.w3.org\/2000\/svg\" aria-hidden=\"true\" focusable=\"false\"><path d=\"M12,4.622c2.403,0,2.688,0.009,3.637,0.052c0.877,0.04,1.354,0.187,1.671,0.31c0.42,0.163,0.72,0.358,1.035,0.673 c0.315,0.315,0.51,0.615,0.673,1.035c0.123,0.317,0.27,0.794,0.31,1.671c0.043,0.949,0.052,1.234,0.052,3.637 s-0.009,2.688-0.052,3.637c-0.04,0.877-0.187,1.354-0.31,1.671c-0.163,0.42-0.358,0.72-0.673,1.035 c-0.315,0.315-0.615,0.51-1.035,0.673c-0.317,0.123-0.794,0.27-1.671,0.31c-0.949,0.043-1.233,0.052-3.637,0.052 s-2.688-0.009-3.637-0.052c-0.877-0.04-1.354-0.187-1.671-0.31c-0.42-0.163-0.72-0.358-1.035-0.673 c-0.315-0.315-0.51-0.615-0.673-1.035c-0.123-0.317-0.27-0.794-0.31-1.671C4.631,14.688,4.622,14.403,4.622,12 s0.009-2.688,0.052-3.637c0.04-0.877,0.187-1.354,0.31-1.671c0.163-0.42,0.358-0.72,0.673-1.035 c0.315-0.315,0.615-0.51,1.035-0.673c0.317-0.123,0.794-0.27,1.671-0.31C9.312,4.631,9.597,4.622,12,4.622 M12,3 C9.556,3,9.249,3.01,8.289,3.054C7.331,3.098,6.677,3.25,6.105,3.472C5.513,3.702,5.011,4.01,4.511,4.511 c-0.5,0.5-0.808,1.002-1.038,1.594C3.25,6.677,3.098,7.331,3.054,8.289C3.01,9.249,3,9.556,3,12c0,2.444,0.01,2.751,0.054,3.711 c0.044,0.958,0.196,1.612,0.418,2.185c0.23,0.592,0.538,1.094,1.038,1.594c0.5,0.5,1.002,0.808,1.594,1.038 c0.572,0.222,1.227,0.375,2.185,0.418C9.249,20.99,9.556,21,12,21s2.751-0.01,3.711-0.054c0.958-0.044,1.612-0.196,2.185-0.418 c0.592-0.23,1.094-0.538,1.594-1.038c0.5-0.5,0.808-1.002,1.038-1.594c0.222-0.572,0.375-1.227,0.418-2.185 C20.99,14.751,21,14.444,21,12s-0.01-2.751-0.054-3.711c-0.044-0.958-0.196-1.612-0.418-2.185c-0.23-0.592-0.538-1.094-1.038-1.594 c-0.5-0.5-1.002-0.808-1.594-1.038c-0.572-0.222-1.227-0.375-2.185-0.418C14.751,3.01,14.444,3,12,3L12,3z M12,7.378 c-2.552,0-4.622,2.069-4.622,4.622S9.448,16.622,12,16.622s4.622-2.069,4.622-4.622S14.552,7.378,12,7.378z M12,15 c-1.657,0-3-1.343-3-3s1.343-3,3-3s3,1.343,3,3S13.657,15,12,15z M16.804,6.116c-0.596,0-1.08,0.484-1.08,1.08 s0.484,1.08,1.08,1.08c0.596,0,1.08-0.484,1.08-1.08S17.401,6.116,16.804,6.116z\"><\/path><\/svg><span class=\"wp-block-social-link-label screen-reader-text\">Instagram<\/span><\/a><\/li><\/ul>\n\n\n\n<p><\/p>\n\n\n\n<h2 class=\"wp-block-heading has-text-align-center\">Le calendrier<\/h2>\n\n\n\n<ul class=\"wp-block-list\">\n<li>Dimanche 25 ao\u00fbt &#8211; Stage de reprise<\/li>\n\n\n\n<li>Vendredi 26 septembre &#8211; Pot de bienvenue<\/li>\n\n\n\n<li>Vendredi 10 octobre : Animation bassin<\/li>\n\n\n\n<li>Vendredi 21 novembre &#8211; Soir\u00e9e Bowling<\/li>\n\n\n\n<li>Vendredi 19 d\u00e9cembre &#8211; Soir\u00e9e tournoi no\u00ebl<\/li>\n\n\n\n<li>Vendredi 9 janvier &#8211; Galette des rois<\/li>\n\n\n\n<li>Vendredi 13 f\u00e9vrier &#8211; Soir\u00e9e jeux<\/li>\n\n\n\n<li>Samedi 7 mars : Tartiflette<\/li>\n\n\n\n<li>Samedi 21 mars : Orl\u00e9ans master<\/li>\n\n\n\n<li>Jeudi 9 avril : Bad ping<\/li>\n\n\n\n<li>Dimanche 17 mai : Karting ou autre activit\u00e9<\/li>\n\n\n\n<li>Vendredi 26 Juin &#8211; Pot fin de saison<\/li>\n\n\n\n<li>Vendredi 10 Juillet et 21 ao\u00fbt &#8211; Barbecue<\/li>\n<\/ul>\n\n\n\n<p class=\"has-text-align-center\"><strong>Pour avoir plus d&rsquo;informations sur les animations, <a href=\"https:\/\/testv7.bcsg18.fr\/?page_id=6057\" data-type=\"page\" data-id=\"6057\">\u00e9crivez-nous<\/a><\/strong><\/p>\n\n\n\n<figure class=\"wp-block-gallery has-nested-images columns-default is-cropped wp-block-gallery-7 is-layout-flex wp-block-gallery-is-layout-flex\">\n<figure class=\"wp-block-image size-large wp-duotone-000000-8ed1fc-1\"><img loading=\"lazy\" decoding=\"async\" width=\"1024\" height=\"1024\" data-id=\"6322\" src=\"https:\/\/testv7.bcsg18.fr\/wp-content\/uploads\/Web_Badminton-BCSG18_Animation-1024x1024.jpg\" alt=\"\" class=\"wp-image-6322\" srcset=\"https:\/\/testv7.bcsg18.fr\/wp-content\/uploads\/Web_Badminton-BCSG18_Animation-1024x1024.jpg 1024w, https:\/\/testv7.bcsg18.fr\/wp-content\/uploads\/Web_Badminton-BCSG18_Animation-600x600.jpg 600w, https:\/\/testv7.bcsg18.fr\/wp-content\/uploads\/Web_Badminton-BCSG18_Animation-300x300.jpg 300w, https:\/\/testv7.bcsg18.fr\/wp-content\/uploads\/Web_Badminton-BCSG18_Animation-768x768.jpg 768w, https:\/\/testv7.bcsg18.fr\/wp-content\/uploads\/Web_Badminton-BCSG18_Animation.jpg 1042w\" sizes=\"auto, (max-width: 1024px) 100vw, 1024px\" \/><figcaption class=\"wp-element-caption\">Soir\u00e9e bowling<\/figcaption><\/figure>\n\n\n\n<figure class=\"wp-block-image size-large wp-duotone-000000-8ed1fc-2\"><img loading=\"lazy\" decoding=\"async\" width=\"1024\" height=\"1024\" data-id=\"6318\" src=\"https:\/\/testv7.bcsg18.fr\/wp-content\/uploads\/Web_Badminton-BCSG18_Animation6-1024x1024.jpg\" alt=\"\" class=\"wp-image-6318\" srcset=\"https:\/\/testv7.bcsg18.fr\/wp-content\/uploads\/Web_Badminton-BCSG18_Animation6-1024x1024.jpg 1024w, https:\/\/testv7.bcsg18.fr\/wp-content\/uploads\/Web_Badminton-BCSG18_Animation6-600x600.jpg 600w, https:\/\/testv7.bcsg18.fr\/wp-content\/uploads\/Web_Badminton-BCSG18_Animation6-300x300.jpg 300w, https:\/\/testv7.bcsg18.fr\/wp-content\/uploads\/Web_Badminton-BCSG18_Animation6-768x768.jpg 768w, https:\/\/testv7.bcsg18.fr\/wp-content\/uploads\/Web_Badminton-BCSG18_Animation6.jpg 1042w\" sizes=\"auto, (max-width: 1024px) 100vw, 1024px\" \/><figcaption class=\"wp-element-caption\">Barbecue<\/figcaption><\/figure>\n\n\n\n<figure class=\"wp-block-image size-large wp-duotone-000000-8ed1fc-3\"><img loading=\"lazy\" decoding=\"async\" width=\"1024\" height=\"1024\" data-id=\"6321\" src=\"https:\/\/testv7.bcsg18.fr\/wp-content\/uploads\/Web_Badminton-BCSG18_Animation5-1024x1024.jpg\" alt=\"\" class=\"wp-image-6321\" srcset=\"https:\/\/testv7.bcsg18.fr\/wp-content\/uploads\/Web_Badminton-BCSG18_Animation5-1024x1024.jpg 1024w, https:\/\/testv7.bcsg18.fr\/wp-content\/uploads\/Web_Badminton-BCSG18_Animation5-600x600.jpg 600w, https:\/\/testv7.bcsg18.fr\/wp-content\/uploads\/Web_Badminton-BCSG18_Animation5-300x300.jpg 300w, https:\/\/testv7.bcsg18.fr\/wp-content\/uploads\/Web_Badminton-BCSG18_Animation5-768x768.jpg 768w, https:\/\/testv7.bcsg18.fr\/wp-content\/uploads\/Web_Badminton-BCSG18_Animation5.jpg 1042w\" sizes=\"auto, (max-width: 1024px) 100vw, 1024px\" \/><figcaption class=\"wp-element-caption\">Soir\u00e9e jeux de soci\u00e9t\u00e9<\/figcaption><\/figure>\n\n\n\n<figure class=\"wp-block-image size-large wp-duotone-000000-8ed1fc-4\"><img loading=\"lazy\" decoding=\"async\" width=\"1024\" height=\"1024\" data-id=\"6323\" src=\"https:\/\/testv7.bcsg18.fr\/wp-content\/uploads\/Web_Badminton-BCSG18_Animation4-1024x1024.jpg\" alt=\"\" class=\"wp-image-6323\" srcset=\"https:\/\/testv7.bcsg18.fr\/wp-content\/uploads\/Web_Badminton-BCSG18_Animation4-1024x1024.jpg 1024w, https:\/\/testv7.bcsg18.fr\/wp-content\/uploads\/Web_Badminton-BCSG18_Animation4-600x600.jpg 600w, https:\/\/testv7.bcsg18.fr\/wp-content\/uploads\/Web_Badminton-BCSG18_Animation4-300x300.jpg 300w, https:\/\/testv7.bcsg18.fr\/wp-content\/uploads\/Web_Badminton-BCSG18_Animation4-768x768.jpg 768w, https:\/\/testv7.bcsg18.fr\/wp-content\/uploads\/Web_Badminton-BCSG18_Animation4.jpg 1042w\" sizes=\"auto, (max-width: 1024px) 100vw, 1024px\" \/><figcaption class=\"wp-element-caption\">Repas du Club<\/figcaption><\/figure>\n\n\n\n<figure class=\"wp-block-image size-large wp-duotone-000000-8ed1fc-5\"><img loading=\"lazy\" decoding=\"async\" width=\"1024\" height=\"1024\" data-id=\"6319\" src=\"https:\/\/testv7.bcsg18.fr\/wp-content\/uploads\/Web_Badminton-BCSG18_Animation3-1024x1024.jpg\" alt=\"\" class=\"wp-image-6319\" srcset=\"https:\/\/testv7.bcsg18.fr\/wp-content\/uploads\/Web_Badminton-BCSG18_Animation3-1024x1024.jpg 1024w, https:\/\/testv7.bcsg18.fr\/wp-content\/uploads\/Web_Badminton-BCSG18_Animation3-600x600.jpg 600w, https:\/\/testv7.bcsg18.fr\/wp-content\/uploads\/Web_Badminton-BCSG18_Animation3-300x300.jpg 300w, https:\/\/testv7.bcsg18.fr\/wp-content\/uploads\/Web_Badminton-BCSG18_Animation3-768x768.jpg 768w, https:\/\/testv7.bcsg18.fr\/wp-content\/uploads\/Web_Badminton-BCSG18_Animation3.jpg 1042w\" sizes=\"auto, (max-width: 1024px) 100vw, 1024px\" \/><figcaption class=\"wp-element-caption\">Laser Game<\/figcaption><\/figure>\n\n\n\n<figure class=\"wp-block-image size-large wp-duotone-000000-8ed1fc-6\"><img loading=\"lazy\" decoding=\"async\" width=\"1024\" height=\"1024\" data-id=\"6324\" src=\"https:\/\/testv7.bcsg18.fr\/wp-content\/uploads\/Web_Badminton-BCSG18_Animation7-1024x1024.jpg\" alt=\"\" class=\"wp-image-6324\" srcset=\"https:\/\/testv7.bcsg18.fr\/wp-content\/uploads\/Web_Badminton-BCSG18_Animation7-1024x1024.jpg 1024w, https:\/\/testv7.bcsg18.fr\/wp-content\/uploads\/Web_Badminton-BCSG18_Animation7-600x600.jpg 600w, https:\/\/testv7.bcsg18.fr\/wp-content\/uploads\/Web_Badminton-BCSG18_Animation7-300x300.jpg 300w, https:\/\/testv7.bcsg18.fr\/wp-content\/uploads\/Web_Badminton-BCSG18_Animation7-768x768.jpg 768w, https:\/\/testv7.bcsg18.fr\/wp-content\/uploads\/Web_Badminton-BCSG18_Animation7.jpg 1042w\" sizes=\"auto, (max-width: 1024px) 100vw, 1024px\" \/><figcaption class=\"wp-element-caption\">Galette des rois<\/figcaption><\/figure>\n<\/figure>\n\n\n\n<p><\/p>\n","protected":false},"excerpt":{"rendered":"<p>L&rsquo;esprit f\u00e9d\u00e9rateur La convivialit\u00e9 et la coh\u00e9sion entre licenci\u00e9s nous animent depuis plus de 30 ans. Ce fut d&rsquo;abord une premi\u00e8re exp\u00e9rience, puis c&rsquo;est devenu une tradition, la n\u00f4tre, celle [&hellip;]<\/p>\n","protected":false},"author":1,"featured_media":0,"parent":0,"menu_order":0,"comment_status":"closed","ping_status":"closed","template":"","meta":{"_seopress_robots_primary_cat":"","_seopress_titles_title":"","_seopress_titles_desc":"","_seopress_robots_index":"","site-sidebar-layout":"default","site-content-layout":"","ast-site-content-layout":"default","site-content-style":"default","site-sidebar-style":"default","ast-global-header-display":"","ast-banner-title-visibility":"","ast-main-header-display":"disabled","ast-hfb-above-header-display":"","ast-hfb-below-header-display":"","ast-hfb-mobile-header-display":"disabled","site-post-title":"","ast-breadcrumbs-content":"","ast-featured-img":"","footer-sml-layout":"","theme-transparent-header-meta":"","adv-header-id-meta":"","stick-header-meta":"","header-above-stick-meta":"","header-main-stick-meta":"","header-below-stick-meta":"","astra-migrate-meta-layouts":"set","ast-page-background-enabled":"default","ast-page-background-meta":{"desktop":{"background-color":"var(--ast-global-color-4)","background-image":"","background-repeat":"repeat","background-position":"center center","background-size":"auto","background-attachment":"scroll","background-type":"","background-media":"","overlay-type":"","overlay-color":"","overlay-opacity":"","overlay-gradient":""},"tablet":{"background-color":"","background-image":"","background-repeat":"repeat","background-position":"center center","background-size":"auto","background-attachment":"scroll","background-type":"","background-media":"","overlay-type":"","overlay-color":"","overlay-opacity":"","overlay-gradient":""},"mobile":{"background-color":"","background-image":"","background-repeat":"repeat","background-position":"center center","background-size":"auto","background-attachment":"scroll","background-type":"","background-media":"","overlay-type":"","overlay-color":"","overlay-opacity":"","overlay-gradient":""}},"ast-content-background-meta":{"desktop":{"background-color":"var(--ast-global-color-5)","background-image":"","background-repeat":"repeat","background-position":"center center","background-size":"auto","background-attachment":"scroll","background-type":"","background-media":"","overlay-type":"","overlay-color":"","overlay-opacity":"","overlay-gradient":""},"tablet":{"background-color":"var(--ast-global-color-5)","background-image":"","background-repeat":"repeat","background-position":"center center","background-size":"auto","background-attachment":"scroll","background-type":"","background-media":"","overlay-type":"","overlay-color":"","overlay-opacity":"","overlay-gradient":""},"mobile":{"background-color":"var(--ast-global-color-5)","background-image":"","background-repeat":"repeat","background-position":"center center","background-size":"auto","background-attachment":"scroll","background-type":"","background-media":"","overlay-type":"","overlay-color":"","overlay-opacity":"","overlay-gradient":""}},"footnotes":""},"class_list":["post-6037","page","type-page","status-publish","hentry"],"_links":{"self":[{"href":"https:\/\/testv7.bcsg18.fr\/index.php?rest_route=\/wp\/v2\/pages\/6037","targetHints":{"allow":["GET"]}}],"collection":[{"href":"https:\/\/testv7.bcsg18.fr\/index.php?rest_route=\/wp\/v2\/pages"}],"about":[{"href":"https:\/\/testv7.bcsg18.fr\/index.php?rest_route=\/wp\/v2\/types\/page"}],"author":[{"embeddable":true,"href":"https:\/\/testv7.bcsg18.fr\/index.php?rest_route=\/wp\/v2\/users\/1"}],"replies":[{"embeddable":true,"href":"https:\/\/testv7.bcsg18.fr\/index.php?rest_route=%2Fwp%2Fv2%2Fcomments&post=6037"}],"version-history":[{"count":31,"href":"https:\/\/testv7.bcsg18.fr\/index.php?rest_route=\/wp\/v2\/pages\/6037\/revisions"}],"predecessor-version":[{"id":6780,"href":"https:\/\/testv7.bcsg18.fr\/index.php?rest_route=\/wp\/v2\/pages\/6037\/revisions\/6780"}],"wp:attachment":[{"href":"https:\/\/testv7.bcsg18.fr\/index.php?rest_route=%2Fwp%2Fv2%2Fmedia&parent=6037"}],"curies":[{"name":"wp","href":"https:\/\/api.w.org\/{rel}","templated":true}]}}