{"id":6049,"date":"2024-06-20T17:39:50","date_gmt":"2024-06-20T17:39:50","guid":{"rendered":"https:\/\/testv7.bcsg18.fr\/?page_id=6049"},"modified":"2024-09-01T06:52:57","modified_gmt":"2024-09-01T06:52:57","slug":"nos-officiels-technique","status":"publish","type":"page","link":"https:\/\/testv7.bcsg18.fr\/?page_id=6049","title":{"rendered":"Etre officiel technique"},"content":{"rendered":"\n<h2 class=\"wp-block-heading has-text-align-center\">Au service du Badminton <\/h2>\n\n\n\n<hr class=\"wp-block-separator has-alpha-channel-opacity\"\/>\n\n\n\n<p class=\"has-text-align-center\">Notre Club compte une dizaine de b\u00e9n\u00e9voles engag\u00e9s pour le badminton en tant qu&rsquo;officiels techniques. <strong>Tous sont au c\u0153ur de l&rsquo;organisation des comp\u00e9titions sportives.<\/strong> <\/p>\n\n\n\n<p class=\"has-text-align-center\">Et pourquoi pas vous ?<\/p>\n\n\n\n<p class=\"has-text-align-center\">Ensemble, nous construisons l&rsquo;avenir de tout un sport et nous en sommes fiers.<\/p>\n\n\n\n<div class=\"wp-block-buttons is-content-justification-center is-layout-flex wp-container-core-buttons-is-layout-a89b3969 wp-block-buttons-is-layout-flex\">\n<div class=\"wp-block-button\"><a class=\"wp-block-button__link wp-element-button\" href=\"https:\/\/www.ffbad.org\/seformer-etre-officiel-technique\" target=\"_blank\" rel=\"noreferrer noopener\">Je d\u00e9couvre les missions des Officiels Techniques<\/a><\/div>\n<\/div>\n\n\n\n<div style=\"height:50px\" aria-hidden=\"true\" class=\"wp-block-spacer\"><\/div>\n\n\n\n<hr class=\"wp-block-separator has-alpha-channel-opacity\"\/>\n\n\n\n<h2 class=\"wp-block-heading has-text-align-center\">Nos officiels techniques<\/h2>\n\n\n\n<p class=\"has-text-align-center\">Par ordre alphab\u00e9tique<br><\/p>\n\n\n\n<div class=\"wp-block-columns is-layout-flex wp-container-core-columns-is-layout-28f84493 wp-block-columns-is-layout-flex\">\n<div class=\"wp-block-column is-layout-flow wp-block-column-is-layout-flow\">\n<figure class=\"wp-block-image size-full wp-duotone-000000-8ed1fc-1\"><img loading=\"lazy\" decoding=\"async\" width=\"521\" height=\"521\" src=\"https:\/\/testv7.bcsg18.fr\/wp-content\/uploads\/Web_Badminton-BCSG18_OfficielsTechniques13.jpg\" alt=\"\" class=\"wp-image-6694\" srcset=\"https:\/\/testv7.bcsg18.fr\/wp-content\/uploads\/Web_Badminton-BCSG18_OfficielsTechniques13.jpg 521w, https:\/\/testv7.bcsg18.fr\/wp-content\/uploads\/Web_Badminton-BCSG18_OfficielsTechniques13-300x300.jpg 300w\" sizes=\"auto, (max-width: 521px) 100vw, 521px\" \/><figcaption class=\"wp-element-caption\"><strong>R\u00e9mi BOUTEILLER, <\/strong>GEO<\/figcaption><\/figure>\n<\/div>\n\n\n\n<div class=\"wp-block-column is-layout-flow wp-block-column-is-layout-flow\">\n<figure class=\"wp-block-image size-full wp-duotone-000000-8ed1fc-2\"><img loading=\"lazy\" decoding=\"async\" width=\"521\" height=\"521\" src=\"https:\/\/testv7.bcsg18.fr\/wp-content\/uploads\/Web_Badminton-BCSG18_OfficielsTechniques.jpg\" alt=\"\" class=\"wp-image-6637\" srcset=\"https:\/\/testv7.bcsg18.fr\/wp-content\/uploads\/Web_Badminton-BCSG18_OfficielsTechniques.jpg 521w, https:\/\/testv7.bcsg18.fr\/wp-content\/uploads\/Web_Badminton-BCSG18_OfficielsTechniques-300x300.jpg 300w\" sizes=\"auto, (max-width: 521px) 100vw, 521px\" \/><figcaption class=\"wp-element-caption\"><strong>Jonathan CAPO, <\/strong>Juge-Arbitre &amp; GEO<\/figcaption><\/figure>\n<\/div>\n\n\n\n<div class=\"wp-block-column is-layout-flow wp-block-column-is-layout-flow\">\n<figure class=\"wp-block-image size-full wp-duotone-000000-8ed1fc-3\"><img loading=\"lazy\" decoding=\"async\" width=\"521\" height=\"521\" src=\"https:\/\/testv7.bcsg18.fr\/wp-content\/uploads\/Web_Badminton-BCSG18_OfficielsTechniques2.jpg\" alt=\"\" class=\"wp-image-6646\" srcset=\"https:\/\/testv7.bcsg18.fr\/wp-content\/uploads\/Web_Badminton-BCSG18_OfficielsTechniques2.jpg 521w, https:\/\/testv7.bcsg18.fr\/wp-content\/uploads\/Web_Badminton-BCSG18_OfficielsTechniques2-300x300.jpg 300w\" sizes=\"auto, (max-width: 521px) 100vw, 521px\" \/><figcaption class=\"wp-element-caption\"><strong>Denis CHENESSEAU, <\/strong>Juge-Arbitre &amp; Arbitre<\/figcaption><\/figure>\n<\/div>\n<\/div>\n\n\n\n<div class=\"wp-block-columns is-layout-flex wp-container-core-columns-is-layout-28f84493 wp-block-columns-is-layout-flex\">\n<div class=\"wp-block-column is-layout-flow wp-block-column-is-layout-flow\">\n<figure class=\"wp-block-image size-full wp-duotone-000000-8ed1fc-4\"><img loading=\"lazy\" decoding=\"async\" width=\"521\" height=\"521\" src=\"https:\/\/testv7.bcsg18.fr\/wp-content\/uploads\/Web_Badminton-BCSG18_OfficielsTechniques5.jpg\" alt=\"\" class=\"wp-image-6643\" srcset=\"https:\/\/testv7.bcsg18.fr\/wp-content\/uploads\/Web_Badminton-BCSG18_OfficielsTechniques5.jpg 521w, https:\/\/testv7.bcsg18.fr\/wp-content\/uploads\/Web_Badminton-BCSG18_OfficielsTechniques5-300x300.jpg 300w\" sizes=\"auto, (max-width: 521px) 100vw, 521px\" \/><figcaption class=\"wp-element-caption\"><strong>Maxime DUBUISSON, <\/strong>Arbitre<\/figcaption><\/figure>\n<\/div>\n\n\n\n<div class=\"wp-block-column is-layout-flow wp-block-column-is-layout-flow\">\n<figure class=\"wp-block-image size-full wp-duotone-000000-8ed1fc-5\"><img loading=\"lazy\" decoding=\"async\" width=\"521\" height=\"521\" src=\"https:\/\/testv7.bcsg18.fr\/wp-content\/uploads\/Web_Badminton-BCSG18_OfficielsTechniques3.jpg\" alt=\"\" class=\"wp-image-6645\" srcset=\"https:\/\/testv7.bcsg18.fr\/wp-content\/uploads\/Web_Badminton-BCSG18_OfficielsTechniques3.jpg 521w, https:\/\/testv7.bcsg18.fr\/wp-content\/uploads\/Web_Badminton-BCSG18_OfficielsTechniques3-300x300.jpg 300w\" sizes=\"auto, (max-width: 521px) 100vw, 521px\" \/><figcaption class=\"wp-element-caption\"><strong>Emmanuel FERDOILLE, <\/strong>Juge-Arbitre &amp; GEO<\/figcaption><\/figure>\n<\/div>\n\n\n\n<div class=\"wp-block-column is-layout-flow wp-block-column-is-layout-flow\">\n<figure class=\"wp-block-image size-full wp-duotone-000000-8ed1fc-6\"><img loading=\"lazy\" decoding=\"async\" width=\"521\" height=\"521\" src=\"https:\/\/testv7.bcsg18.fr\/wp-content\/uploads\/Web_Badminton-BCSG18_OfficielsTechniques4.jpg\" alt=\"\" class=\"wp-image-6644\" srcset=\"https:\/\/testv7.bcsg18.fr\/wp-content\/uploads\/Web_Badminton-BCSG18_OfficielsTechniques4.jpg 521w, https:\/\/testv7.bcsg18.fr\/wp-content\/uploads\/Web_Badminton-BCSG18_OfficielsTechniques4-300x300.jpg 300w\" sizes=\"auto, (max-width: 521px) 100vw, 521px\" \/><figcaption class=\"wp-element-caption\"><strong>Pascal FORLER,<\/strong> Juge-Arbitre &amp; Arbitre<\/figcaption><\/figure>\n<\/div>\n<\/div>\n\n\n\n<div class=\"wp-block-columns is-layout-flex wp-container-core-columns-is-layout-28f84493 wp-block-columns-is-layout-flex\">\n<div class=\"wp-block-column is-layout-flow wp-block-column-is-layout-flow\">\n<figure class=\"wp-block-image size-full wp-duotone-000000-8ed1fc-7\"><img loading=\"lazy\" decoding=\"async\" width=\"521\" height=\"521\" src=\"https:\/\/testv7.bcsg18.fr\/wp-content\/uploads\/Web_Badminton-BCSG18_OfficielsTechniques8.jpg\" alt=\"\" class=\"wp-image-6640\" srcset=\"https:\/\/testv7.bcsg18.fr\/wp-content\/uploads\/Web_Badminton-BCSG18_OfficielsTechniques8.jpg 521w, https:\/\/testv7.bcsg18.fr\/wp-content\/uploads\/Web_Badminton-BCSG18_OfficielsTechniques8-300x300.jpg 300w\" sizes=\"auto, (max-width: 521px) 100vw, 521px\" \/><figcaption class=\"wp-element-caption\"><strong>Audrey LEVY, <\/strong>Arbitre &amp; GEO<\/figcaption><\/figure>\n<\/div>\n\n\n\n<div class=\"wp-block-column is-layout-flow wp-block-column-is-layout-flow\">\n<figure class=\"wp-block-image size-full wp-duotone-000000-8ed1fc-8\"><img loading=\"lazy\" decoding=\"async\" width=\"521\" height=\"521\" src=\"https:\/\/testv7.bcsg18.fr\/wp-content\/uploads\/Web_Badminton-BCSG18_OfficielsTechniques7.jpg\" alt=\"\" class=\"wp-image-6641\" srcset=\"https:\/\/testv7.bcsg18.fr\/wp-content\/uploads\/Web_Badminton-BCSG18_OfficielsTechniques7.jpg 521w, https:\/\/testv7.bcsg18.fr\/wp-content\/uploads\/Web_Badminton-BCSG18_OfficielsTechniques7-300x300.jpg 300w\" sizes=\"auto, (max-width: 521px) 100vw, 521px\" \/><figcaption class=\"wp-element-caption\"><strong>L\u00e9o MARICOT,<\/strong> Arbitre<\/figcaption><\/figure>\n<\/div>\n\n\n\n<div class=\"wp-block-column is-layout-flow wp-block-column-is-layout-flow\">\n<figure class=\"wp-block-image size-full wp-duotone-000000-8ed1fc-9\"><img loading=\"lazy\" decoding=\"async\" width=\"521\" height=\"521\" src=\"https:\/\/testv7.bcsg18.fr\/wp-content\/uploads\/Web_Badminton-BCSG18_OfficielsTechniques9.jpg\" alt=\"\" class=\"wp-image-6639\" srcset=\"https:\/\/testv7.bcsg18.fr\/wp-content\/uploads\/Web_Badminton-BCSG18_OfficielsTechniques9.jpg 521w, https:\/\/testv7.bcsg18.fr\/wp-content\/uploads\/Web_Badminton-BCSG18_OfficielsTechniques9-300x300.jpg 300w\" sizes=\"auto, (max-width: 521px) 100vw, 521px\" \/><figcaption class=\"wp-element-caption\"><strong>Alban PERRONNET, <\/strong>GEO<\/figcaption><\/figure>\n<\/div>\n<\/div>\n\n\n\n<div class=\"wp-block-columns is-layout-flex wp-container-core-columns-is-layout-28f84493 wp-block-columns-is-layout-flex\">\n<div class=\"wp-block-column is-layout-flow wp-block-column-is-layout-flow\">\n<figure class=\"wp-block-image size-full wp-duotone-000000-8ed1fc-10\"><img loading=\"lazy\" decoding=\"async\" width=\"521\" height=\"521\" src=\"https:\/\/testv7.bcsg18.fr\/wp-content\/uploads\/Web_Badminton-BCSG18_OfficielsTechniques6.jpg\" alt=\"\" class=\"wp-image-6642\" srcset=\"https:\/\/testv7.bcsg18.fr\/wp-content\/uploads\/Web_Badminton-BCSG18_OfficielsTechniques6.jpg 521w, https:\/\/testv7.bcsg18.fr\/wp-content\/uploads\/Web_Badminton-BCSG18_OfficielsTechniques6-300x300.jpg 300w\" sizes=\"auto, (max-width: 521px) 100vw, 521px\" \/><figcaption class=\"wp-element-caption\"><strong>Xavier PRINET, <\/strong>GEO<\/figcaption><\/figure>\n<\/div>\n\n\n\n<div class=\"wp-block-column is-layout-flow wp-block-column-is-layout-flow\"><\/div>\n\n\n\n<div class=\"wp-block-column is-layout-flow wp-block-column-is-layout-flow\"><\/div>\n<\/div>\n\n\n\n<p class=\"has-text-align-center\"><strong>Pour avoir plus d\u2019informations sur les formations pour \u00eatre officiel technique, <a href=\"https:\/\/testv7.bcsg18.fr\/?page_id=6057\">\u00e9crivez-nous<\/a><\/strong><\/p>\n","protected":false},"excerpt":{"rendered":"<p>Au service du Badminton Notre Club compte une dizaine de b\u00e9n\u00e9voles engag\u00e9s pour le badminton en tant qu&rsquo;officiels techniques. Tous sont au c\u0153ur de l&rsquo;organisation des comp\u00e9titions sportives. Et pourquoi [&hellip;]<\/p>\n","protected":false},"author":1,"featured_media":0,"parent":0,"menu_order":0,"comment_status":"closed","ping_status":"closed","template":"","meta":{"_seopress_robots_primary_cat":"","_seopress_titles_title":"","_seopress_titles_desc":"","_seopress_robots_index":"","site-sidebar-layout":"default","site-content-layout":"","ast-site-content-layout":"default","site-content-style":"default","site-sidebar-style":"default","ast-global-header-display":"","ast-banner-title-visibility":"","ast-main-header-display":"disabled","ast-hfb-above-header-display":"","ast-hfb-below-header-display":"","ast-hfb-mobile-header-display":"disabled","site-post-title":"","ast-breadcrumbs-content":"","ast-featured-img":"","footer-sml-layout":"","theme-transparent-header-meta":"","adv-header-id-meta":"","stick-header-meta":"","header-above-stick-meta":"","header-main-stick-meta":"","header-below-stick-meta":"","astra-migrate-meta-layouts":"set","ast-page-background-enabled":"default","ast-page-background-meta":{"desktop":{"background-color":"var(--ast-global-color-4)","background-image":"","background-repeat":"repeat","background-position":"center center","background-size":"auto","background-attachment":"scroll","background-type":"","background-media":"","overlay-type":"","overlay-color":"","overlay-opacity":"","overlay-gradient":""},"tablet":{"background-color":"","background-image":"","background-repeat":"repeat","background-position":"center center","background-size":"auto","background-attachment":"scroll","background-type":"","background-media":"","overlay-type":"","overlay-color":"","overlay-opacity":"","overlay-gradient":""},"mobile":{"background-color":"","background-image":"","background-repeat":"repeat","background-position":"center center","background-size":"auto","background-attachment":"scroll","background-type":"","background-media":"","overlay-type":"","overlay-color":"","overlay-opacity":"","overlay-gradient":""}},"ast-content-background-meta":{"desktop":{"background-color":"var(--ast-global-color-5)","background-image":"","background-repeat":"repeat","background-position":"center center","background-size":"auto","background-attachment":"scroll","background-type":"","background-media":"","overlay-type":"","overlay-color":"","overlay-opacity":"","overlay-gradient":""},"tablet":{"background-color":"var(--ast-global-color-5)","background-image":"","background-repeat":"repeat","background-position":"center center","background-size":"auto","background-attachment":"scroll","background-type":"","background-media":"","overlay-type":"","overlay-color":"","overlay-opacity":"","overlay-gradient":""},"mobile":{"background-color":"var(--ast-global-color-5)","background-image":"","background-repeat":"repeat","background-position":"center center","background-size":"auto","background-attachment":"scroll","background-type":"","background-media":"","overlay-type":"","overlay-color":"","overlay-opacity":"","overlay-gradient":""}},"footnotes":""},"class_list":["post-6049","page","type-page","status-publish","hentry"],"_links":{"self":[{"href":"https:\/\/testv7.bcsg18.fr\/index.php?rest_route=\/wp\/v2\/pages\/6049","targetHints":{"allow":["GET"]}}],"collection":[{"href":"https:\/\/testv7.bcsg18.fr\/index.php?rest_route=\/wp\/v2\/pages"}],"about":[{"href":"https:\/\/testv7.bcsg18.fr\/index.php?rest_route=\/wp\/v2\/types\/page"}],"author":[{"embeddable":true,"href":"https:\/\/testv7.bcsg18.fr\/index.php?rest_route=\/wp\/v2\/users\/1"}],"replies":[{"embeddable":true,"href":"https:\/\/testv7.bcsg18.fr\/index.php?rest_route=%2Fwp%2Fv2%2Fcomments&post=6049"}],"version-history":[{"count":17,"href":"https:\/\/testv7.bcsg18.fr\/index.php?rest_route=\/wp\/v2\/pages\/6049\/revisions"}],"predecessor-version":[{"id":6696,"href":"https:\/\/testv7.bcsg18.fr\/index.php?rest_route=\/wp\/v2\/pages\/6049\/revisions\/6696"}],"wp:attachment":[{"href":"https:\/\/testv7.bcsg18.fr\/index.php?rest_route=%2Fwp%2Fv2%2Fmedia&parent=6049"}],"curies":[{"name":"wp","href":"https:\/\/api.w.org\/{rel}","templated":true}]}}