{"id":62,"date":"2022-10-15T15:05:33","date_gmt":"2022-10-15T15:05:33","guid":{"rendered":"https:\/\/testv7.bcsg18.fr\/?page_id=62"},"modified":"2024-06-23T06:14:43","modified_gmt":"2024-06-23T06:14:43","slug":"historique","status":"publish","type":"page","link":"https:\/\/testv7.bcsg18.fr\/?page_id=62","title":{"rendered":"Historique PAS BONNE PAGE"},"content":{"rendered":"\n<div class=\"wp-block-columns is-layout-flex wp-container-core-columns-is-layout-28f84493 wp-block-columns-is-layout-flex\">\n<div class=\"wp-block-column is-layout-flow wp-block-column-is-layout-flow\">\n<h2 class=\"wp-block-heading\">La cr\u00e9ation<\/h2>\n\n\n\n<p>L&rsquo;association est n\u00e9e sous l\u2019impulsion de Gu\u00e9na\u00ebl TALVAS en 1992 avec la cr\u00e9ation d\u2019une section badminton au sein de l\u2019association Saint Germain Sports Loisirs. En 1997, les dirigeants de la section d\u00e9cident de voler de leurs propres ailes et c\u2019est ainsi que le \u00ab&nbsp;Badminton Club Saint Germain&nbsp;\u00bb voit officiellement le jour. <\/p>\n\n\n\n<p>La construction d&rsquo;un second gymnase  en 2001 par la municipalit\u00e9 permet l&rsquo;augmentation du nombre de cr\u00e9neaux et d&rsquo;attirer de nouvelles personnes.<\/p>\n\n\n\n<ul class=\"wp-block-list\">\n<li><\/li>\n<\/ul>\n\n\n\n<figure class=\"wp-block-image aligncenter size-large is-resized is-style-default\"><a href=\"https:\/\/testv7.bcsg18.fr\/wp-content\/uploads\/jeunes-groupe-9-1.png\"><img loading=\"lazy\" decoding=\"async\" width=\"1024\" height=\"469\" src=\"https:\/\/testv7.bcsg18.fr\/wp-content\/uploads\/jeunes-groupe-9-1-1024x469.png\" alt=\"\" class=\"wp-image-6134\" style=\"width:485px;height:auto\" srcset=\"https:\/\/testv7.bcsg18.fr\/wp-content\/uploads\/jeunes-groupe-9-1-1024x469.png 1024w, https:\/\/testv7.bcsg18.fr\/wp-content\/uploads\/jeunes-groupe-9-1-600x275.png 600w, https:\/\/testv7.bcsg18.fr\/wp-content\/uploads\/jeunes-groupe-9-1-768x352.png 768w, https:\/\/testv7.bcsg18.fr\/wp-content\/uploads\/jeunes-groupe-9-1-1536x704.png 1536w, https:\/\/testv7.bcsg18.fr\/wp-content\/uploads\/jeunes-groupe-9-1-2048x938.png 2048w\" sizes=\"auto, (max-width: 1024px) 100vw, 1024px\" \/><\/a><figcaption class=\"wp-element-caption\"><em>Groupe U9\/U11 2023\/2024<\/em><\/figcaption><\/figure>\n<\/div>\n\n\n\n<div class=\"wp-block-column is-layout-flow wp-block-column-is-layout-flow\">\n<h2 class=\"wp-block-heading\">Une organisation<\/h2>\n\n\n\n<p>En 2000, le club ouvre sa premi\u00e8re \u00e9cole de badminton pour les enfants et \u00e0 partir de 2005 le club commence \u00e0 se structurer avec l\u2019apparition d\u2019un comit\u00e9 directeur et de commissions.<\/p>\n\n\n\n<p> La m\u00eame ann\u00e9e, nous encourageons les joueurs \u00e0 d\u00e9couvrir la comp\u00e9tition et nous organisons notre 1er tournoi.<\/p>\n\n\n\n<h2 class=\"wp-block-heading\">Des projets<\/h2>\n\n\n\n<p>Enfin, en 2008 appara\u00eet le premier projet formalis\u00e9 du club pour la p\u00e9riode 2008\/2012. Le club continue de mettre \u00e0 jour son programme \u00e0 chaque olympiade. Nous attaquons \u00e0 pr\u00e9sent le 5<sup>\u00e8me<\/sup> projet club.<\/p>\n\n\n\n<ul class=\"wp-block-list\">\n<li><\/li>\n<\/ul>\n<\/div>\n<\/div>\n","protected":false},"excerpt":{"rendered":"<p>La cr\u00e9ation L&rsquo;association est n\u00e9e sous l\u2019impulsion de Gu\u00e9na\u00ebl TALVAS en 1992 avec la cr\u00e9ation d\u2019une section badminton au sein de l\u2019association Saint Germain Sports Loisirs. En 1997, les dirigeants [&hellip;]<\/p>\n","protected":false},"author":1,"featured_media":0,"parent":0,"menu_order":0,"comment_status":"closed","ping_status":"closed","template":"","meta":{"_seopress_robots_primary_cat":"","_seopress_titles_title":"","_seopress_titles_desc":"","_seopress_robots_index":"","site-sidebar-layout":"default","site-content-layout":"","ast-site-content-layout":"default","site-content-style":"default","site-sidebar-style":"default","ast-global-header-display":"","ast-banner-title-visibility":"","ast-main-header-display":"","ast-hfb-above-header-display":"","ast-hfb-below-header-display":"","ast-hfb-mobile-header-display":"","site-post-title":"","ast-breadcrumbs-content":"","ast-featured-img":"","footer-sml-layout":"","theme-transparent-header-meta":"","adv-header-id-meta":"","stick-header-meta":"","header-above-stick-meta":"","header-main-stick-meta":"","header-below-stick-meta":"","astra-migrate-meta-layouts":"set","ast-page-background-enabled":"default","ast-page-background-meta":{"desktop":{"background-color":"var(--ast-global-color-4)","background-image":"","background-repeat":"repeat","background-position":"center center","background-size":"auto","background-attachment":"scroll","background-type":"","background-media":"","overlay-type":"","overlay-color":"","overlay-opacity":"","overlay-gradient":""},"tablet":{"background-color":"","background-image":"","background-repeat":"repeat","background-position":"center center","background-size":"auto","background-attachment":"scroll","background-type":"","background-media":"","overlay-type":"","overlay-color":"","overlay-opacity":"","overlay-gradient":""},"mobile":{"background-color":"","background-image":"","background-repeat":"repeat","background-position":"center center","background-size":"auto","background-attachment":"scroll","background-type":"","background-media":"","overlay-type":"","overlay-color":"","overlay-opacity":"","overlay-gradient":""}},"ast-content-background-meta":{"desktop":{"background-color":"var(--ast-global-color-5)","background-image":"","background-repeat":"repeat","background-position":"center center","background-size":"auto","background-attachment":"scroll","background-type":"","background-media":"","overlay-type":"","overlay-color":"","overlay-opacity":"","overlay-gradient":""},"tablet":{"background-color":"var(--ast-global-color-5)","background-image":"","background-repeat":"repeat","background-position":"center center","background-size":"auto","background-attachment":"scroll","background-type":"","background-media":"","overlay-type":"","overlay-color":"","overlay-opacity":"","overlay-gradient":""},"mobile":{"background-color":"var(--ast-global-color-5)","background-image":"","background-repeat":"repeat","background-position":"center center","background-size":"auto","background-attachment":"scroll","background-type":"","background-media":"","overlay-type":"","overlay-color":"","overlay-opacity":"","overlay-gradient":""}},"footnotes":""},"class_list":["post-62","page","type-page","status-publish","hentry"],"_links":{"self":[{"href":"https:\/\/testv7.bcsg18.fr\/index.php?rest_route=\/wp\/v2\/pages\/62","targetHints":{"allow":["GET"]}}],"collection":[{"href":"https:\/\/testv7.bcsg18.fr\/index.php?rest_route=\/wp\/v2\/pages"}],"about":[{"href":"https:\/\/testv7.bcsg18.fr\/index.php?rest_route=\/wp\/v2\/types\/page"}],"author":[{"embeddable":true,"href":"https:\/\/testv7.bcsg18.fr\/index.php?rest_route=\/wp\/v2\/users\/1"}],"replies":[{"embeddable":true,"href":"https:\/\/testv7.bcsg18.fr\/index.php?rest_route=%2Fwp%2Fv2%2Fcomments&post=62"}],"version-history":[{"count":4,"href":"https:\/\/testv7.bcsg18.fr\/index.php?rest_route=\/wp\/v2\/pages\/62\/revisions"}],"predecessor-version":[{"id":6172,"href":"https:\/\/testv7.bcsg18.fr\/index.php?rest_route=\/wp\/v2\/pages\/62\/revisions\/6172"}],"wp:attachment":[{"href":"https:\/\/testv7.bcsg18.fr\/index.php?rest_route=%2Fwp%2Fv2%2Fmedia&parent=62"}],"curies":[{"name":"wp","href":"https:\/\/api.w.org\/{rel}","templated":true}]}}