{"id":64,"date":"2022-10-15T15:05:33","date_gmt":"2022-10-15T15:05:33","guid":{"rendered":"https:\/\/testv7.bcsg18.fr\/?page_id=64"},"modified":"2024-08-05T23:01:44","modified_gmt":"2024-08-05T23:01:44","slug":"partenaires","status":"publish","type":"page","link":"https:\/\/testv7.bcsg18.fr\/?page_id=64","title":{"rendered":"Partenaires"},"content":{"rendered":"\n<h2 class=\"wp-block-heading has-text-align-center\">Ils nous soutiennent<\/h2>\n\n\n\n<hr class=\"wp-block-separator has-alpha-channel-opacity is-style-default\"\/>\n\n\n\n<p class=\"has-text-align-center\">Classement par ordre alphab\u00e9tique<\/p>\n\n\n\n<hr class=\"wp-block-separator has-alpha-channel-opacity\"\/>\n\n\n\n<h3 class=\"wp-block-heading has-text-align-center\">A<\/h3>\n\n\n\n<p class=\"has-text-align-center\">Albert Neuf et R\u00e9novation<br>Artisanal Pizza<br>AZ R\u00e9novation<\/p>\n\n\n\n<h3 class=\"wp-block-heading has-text-align-center\">C<\/h3>\n\n\n\n<p class=\"has-text-align-center\">Carrefour Market Fenestrelay<br>Chicken avenue<br>Construction Maison Centre Loire<br>Cuisinella<\/p>\n\n\n\n<h3 class=\"wp-block-heading has-text-align-center\">D<\/h3>\n\n\n\n<p class=\"has-text-align-center\">D&rsquo;clic habitat<br>Doc image<br>Domaine Fraiseau-Leclerc<\/p>\n\n\n\n<h3 class=\"wp-block-heading has-text-align-center\">F<\/h3>\n\n\n\n<p class=\"has-text-align-center\">Food market<\/p>\n\n\n\n<h3 class=\"wp-block-heading has-text-align-center\">G<\/h3>\n\n\n\n<p class=\"has-text-align-center\">Garage de Trouy<\/p>\n\n\n\n<h3 class=\"wp-block-heading has-text-align-center\">H<\/h3>\n\n\n\n<p class=\"has-text-align-center\">Haribo<\/p>\n\n\n\n<h3 class=\"wp-block-heading has-text-align-center\">K<\/h3>\n\n\n\n<p class=\"has-text-align-center\">KPMG<\/p>\n\n\n\n<h3 class=\"wp-block-heading has-text-align-center\">M<\/h3>\n\n\n\n<p class=\"has-text-align-center\">Maison Laure<br>Monin<\/p>\n\n\n\n<h3 class=\"wp-block-heading has-text-align-center\">N<\/h3>\n\n\n\n<p class=\"has-text-align-center\">No\u00ebl Jovy<\/p>\n\n\n\n<h3 class=\"wp-block-heading has-text-align-center\">P<\/h3>\n\n\n\n<p class=\"has-text-align-center\">Pasquet Menuiseries<\/p>\n\n\n\n<h3 class=\"wp-block-heading has-text-align-center\">R<\/h3>\n\n\n\n<p class=\"has-text-align-center\">Rians<\/p>\n\n\n\n<h3 class=\"wp-block-heading has-text-align-center\">S<\/h3>\n\n\n\n<p class=\"has-text-align-center\">SARL Aspect 18<br>SARL Morvant Entreprise<br>SARL \u00a8leuchot<br>ST Image<\/p>\n\n\n\n<h2 class=\"wp-block-heading has-text-align-center\">T<\/h2>\n\n\n\n<p class=\"has-text-align-center\">Top Cr\u00e9dits<br>Torr\u00e9faction d&rsquo;Auron<\/p>\n\n\n\n<h3 class=\"wp-block-heading has-text-align-center\">V<\/h3>\n\n\n\n<p class=\"has-text-align-center\">V&amp;B<\/p>\n\n\n\n<p><\/p>\n","protected":false},"excerpt":{"rendered":"<p>Ils nous soutiennent Classement par ordre alphab\u00e9tique A Albert Neuf et R\u00e9novationArtisanal PizzaAZ R\u00e9novation C Carrefour Market FenestrelayChicken avenueConstruction Maison Centre LoireCuisinella D D&rsquo;clic habitatDoc imageDomaine Fraiseau-Leclerc F Food market [&hellip;]<\/p>\n","protected":false},"author":1,"featured_media":0,"parent":0,"menu_order":0,"comment_status":"closed","ping_status":"closed","template":"","meta":{"_seopress_robots_primary_cat":"","_seopress_titles_title":"","_seopress_titles_desc":"","_seopress_robots_index":"","site-sidebar-layout":"default","site-content-layout":"","ast-site-content-layout":"default","site-content-style":"default","site-sidebar-style":"default","ast-global-header-display":"","ast-banner-title-visibility":"","ast-main-header-display":"","ast-hfb-above-header-display":"","ast-hfb-below-header-display":"","ast-hfb-mobile-header-display":"","site-post-title":"","ast-breadcrumbs-content":"","ast-featured-img":"","footer-sml-layout":"","theme-transparent-header-meta":"","adv-header-id-meta":"","stick-header-meta":"","header-above-stick-meta":"","header-main-stick-meta":"","header-below-stick-meta":"","astra-migrate-meta-layouts":"set","ast-page-background-enabled":"default","ast-page-background-meta":{"desktop":{"background-color":"var(--ast-global-color-4)","background-image":"","background-repeat":"repeat","background-position":"center center","background-size":"auto","background-attachment":"scroll","background-type":"","background-media":"","overlay-type":"","overlay-color":"","overlay-opacity":"","overlay-gradient":""},"tablet":{"background-color":"","background-image":"","background-repeat":"repeat","background-position":"center center","background-size":"auto","background-attachment":"scroll","background-type":"","background-media":"","overlay-type":"","overlay-color":"","overlay-opacity":"","overlay-gradient":""},"mobile":{"background-color":"","background-image":"","background-repeat":"repeat","background-position":"center center","background-size":"auto","background-attachment":"scroll","background-type":"","background-media":"","overlay-type":"","overlay-color":"","overlay-opacity":"","overlay-gradient":""}},"ast-content-background-meta":{"desktop":{"background-color":"var(--ast-global-color-5)","background-image":"","background-repeat":"repeat","background-position":"center center","background-size":"auto","background-attachment":"scroll","background-type":"","background-media":"","overlay-type":"","overlay-color":"","overlay-opacity":"","overlay-gradient":""},"tablet":{"background-color":"var(--ast-global-color-5)","background-image":"","background-repeat":"repeat","background-position":"center center","background-size":"auto","background-attachment":"scroll","background-type":"","background-media":"","overlay-type":"","overlay-color":"","overlay-opacity":"","overlay-gradient":""},"mobile":{"background-color":"var(--ast-global-color-5)","background-image":"","background-repeat":"repeat","background-position":"center center","background-size":"auto","background-attachment":"scroll","background-type":"","background-media":"","overlay-type":"","overlay-color":"","overlay-opacity":"","overlay-gradient":""}},"footnotes":""},"class_list":["post-64","page","type-page","status-publish","hentry"],"_links":{"self":[{"href":"https:\/\/testv7.bcsg18.fr\/index.php?rest_route=\/wp\/v2\/pages\/64","targetHints":{"allow":["GET"]}}],"collection":[{"href":"https:\/\/testv7.bcsg18.fr\/index.php?rest_route=\/wp\/v2\/pages"}],"about":[{"href":"https:\/\/testv7.bcsg18.fr\/index.php?rest_route=\/wp\/v2\/types\/page"}],"author":[{"embeddable":true,"href":"https:\/\/testv7.bcsg18.fr\/index.php?rest_route=\/wp\/v2\/users\/1"}],"replies":[{"embeddable":true,"href":"https:\/\/testv7.bcsg18.fr\/index.php?rest_route=%2Fwp%2Fv2%2Fcomments&post=64"}],"version-history":[{"count":3,"href":"https:\/\/testv7.bcsg18.fr\/index.php?rest_route=\/wp\/v2\/pages\/64\/revisions"}],"predecessor-version":[{"id":6515,"href":"https:\/\/testv7.bcsg18.fr\/index.php?rest_route=\/wp\/v2\/pages\/64\/revisions\/6515"}],"wp:attachment":[{"href":"https:\/\/testv7.bcsg18.fr\/index.php?rest_route=%2Fwp%2Fv2%2Fmedia&parent=64"}],"curies":[{"name":"wp","href":"https:\/\/api.w.org\/{rel}","templated":true}]}}