{"id":6682,"date":"2024-08-31T16:38:31","date_gmt":"2024-08-31T16:38:31","guid":{"rendered":"https:\/\/testv7.bcsg18.fr\/?page_id=6682"},"modified":"2024-09-01T07:18:39","modified_gmt":"2024-09-01T07:18:39","slug":"etre-membre-du-conseil-dadministration","status":"publish","type":"page","link":"https:\/\/testv7.bcsg18.fr\/?page_id=6682","title":{"rendered":"Etre membre du conseil d&rsquo;administration"},"content":{"rendered":"\n<h2 class=\"wp-block-heading has-text-align-center\">Faire vivre le Club<\/h2>\n\n\n\n<hr class=\"wp-block-separator has-alpha-channel-opacity\"\/>\n\n\n\n<p class=\"has-text-align-center\"><strong>Ensemble, nos b\u00e9n\u00e9voles investis construisent l&rsquo;avenir de notre Club<\/strong> et du badminton sur notre territoire.<br><br>Diff\u00e9rentes commissions existent, elles d\u00e9finissent le p\u00e9rim\u00e8tre d&rsquo;action de chacun. <br>Nous sommes fiers du dynamisme de notre Club cr\u00e9\u00e9 en 1992.<\/p>\n\n\n\n<div class=\"wp-block-buttons is-content-justification-center is-layout-flex wp-container-core-buttons-is-layout-a89b3969 wp-block-buttons-is-layout-flex\">\n<div class=\"wp-block-button\"><a class=\"wp-block-button__link has-text-align-center wp-element-button\" href=\"https:\/\/testv7.bcsg18.fr\/?page_id=6057\">Je veux contribuer aussi<\/a><\/div>\n<\/div>\n\n\n\n<hr class=\"wp-block-separator has-alpha-channel-opacity\"\/>\n\n\n\n<h3 class=\"wp-block-heading has-text-align-center\">Notre bureau<\/h3>\n\n\n\n<p class=\"has-text-align-center\"><strong>Pr\u00e9sident<\/strong><br>Pascal FORLER<br><strong>Pr\u00e9sident-Adjoint<\/strong><br>Jonathan CAPO<br><br><strong>Tr\u00e9sori\u00e8re<\/strong><br>Audrey LEVY<br><strong>Tr\u00e9sosier-Adjoint<\/strong><br>Alexandre CHOLIN<br><br><strong>Secr\u00e9taire<\/strong><br>Florence GUERIN<br><strong>Secr\u00e9taire-Adjointe<\/strong><br>Oph\u00e9lie BERTUZZI<\/p>\n\n\n\n<p class=\"has-text-align-center\"><\/p>\n\n\n\n<hr class=\"wp-block-separator has-alpha-channel-opacity\"\/>\n\n\n\n<h3 class=\"wp-block-heading has-text-align-center\">Notre conseil d&rsquo;administration<\/h3>\n\n\n\n<p class=\"has-text-align-center\"><strong>Commission <em>Tournoi<\/em><\/strong><br>Alban PERRONNET<br>Nicolas BOUTEILLER<br>R\u00e9mi BOUTEILLER<br>L\u00e9o CHEVALIER<br>Xavier PRINET<br><br><strong>Commission <em>Interclubs<\/em><\/strong><br>Emmanuel FERDOILLE<br><br><strong>Commission <em>Jeunes<\/em><\/strong><br>Louis LAROCHE<br><br><strong>Commission <em>Animation<\/em> <em>&amp; communication<\/em><\/strong><br>R\u00e9mi BOUTEILLER<br>L\u00e9o CHEVALIER<br><br><strong>Commission <em>Mat\u00e9riel<\/em><\/strong><br>Alban PERRONNET<br>Steven BEGUET<\/p>\n\n\n\n<p class=\"has-text-align-center\"><strong>Pour avoir plus d&rsquo;informations sur le conseil d&rsquo;administration, <a href=\"https:\/\/testv7.bcsg18.fr\/?page_id=6057\" data-type=\"page\" data-id=\"6057\">\u00e9crivez-nous<\/a><\/strong><\/p>\n\n\n\n<p><\/p>\n\n\n\n<p><\/p>\n\n\n\n<p><\/p>\n","protected":false},"excerpt":{"rendered":"<p>Faire vivre le Club Ensemble, nos b\u00e9n\u00e9voles investis construisent l&rsquo;avenir de notre Club et du badminton sur notre territoire. Diff\u00e9rentes commissions existent, elles d\u00e9finissent le p\u00e9rim\u00e8tre d&rsquo;action de chacun. Nous [&hellip;]<\/p>\n","protected":false},"author":6,"featured_media":0,"parent":6044,"menu_order":0,"comment_status":"closed","ping_status":"closed","template":"","meta":{"_seopress_robots_primary_cat":"","_seopress_titles_title":"","_seopress_titles_desc":"","_seopress_robots_index":"","site-sidebar-layout":"default","site-content-layout":"","ast-site-content-layout":"default","site-content-style":"default","site-sidebar-style":"default","ast-global-header-display":"","ast-banner-title-visibility":"","ast-main-header-display":"disabled","ast-hfb-above-header-display":"","ast-hfb-below-header-display":"","ast-hfb-mobile-header-display":"disabled","site-post-title":"","ast-breadcrumbs-content":"","ast-featured-img":"","footer-sml-layout":"","theme-transparent-header-meta":"","adv-header-id-meta":"","stick-header-meta":"","header-above-stick-meta":"","header-main-stick-meta":"","header-below-stick-meta":"","astra-migrate-meta-layouts":"set","ast-page-background-enabled":"default","ast-page-background-meta":{"desktop":{"background-color":"var(--ast-global-color-4)","background-image":"","background-repeat":"repeat","background-position":"center center","background-size":"auto","background-attachment":"scroll","background-type":"","background-media":"","overlay-type":"","overlay-color":"","overlay-opacity":"","overlay-gradient":""},"tablet":{"background-color":"","background-image":"","background-repeat":"repeat","background-position":"center center","background-size":"auto","background-attachment":"scroll","background-type":"","background-media":"","overlay-type":"","overlay-color":"","overlay-opacity":"","overlay-gradient":""},"mobile":{"background-color":"","background-image":"","background-repeat":"repeat","background-position":"center center","background-size":"auto","background-attachment":"scroll","background-type":"","background-media":"","overlay-type":"","overlay-color":"","overlay-opacity":"","overlay-gradient":""}},"ast-content-background-meta":{"desktop":{"background-color":"var(--ast-global-color-5)","background-image":"","background-repeat":"repeat","background-position":"center center","background-size":"auto","background-attachment":"scroll","background-type":"","background-media":"","overlay-type":"","overlay-color":"","overlay-opacity":"","overlay-gradient":""},"tablet":{"background-color":"var(--ast-global-color-5)","background-image":"","background-repeat":"repeat","background-position":"center center","background-size":"auto","background-attachment":"scroll","background-type":"","background-media":"","overlay-type":"","overlay-color":"","overlay-opacity":"","overlay-gradient":""},"mobile":{"background-color":"var(--ast-global-color-5)","background-image":"","background-repeat":"repeat","background-position":"center center","background-size":"auto","background-attachment":"scroll","background-type":"","background-media":"","overlay-type":"","overlay-color":"","overlay-opacity":"","overlay-gradient":""}},"footnotes":""},"class_list":["post-6682","page","type-page","status-publish","hentry"],"_links":{"self":[{"href":"https:\/\/testv7.bcsg18.fr\/index.php?rest_route=\/wp\/v2\/pages\/6682","targetHints":{"allow":["GET"]}}],"collection":[{"href":"https:\/\/testv7.bcsg18.fr\/index.php?rest_route=\/wp\/v2\/pages"}],"about":[{"href":"https:\/\/testv7.bcsg18.fr\/index.php?rest_route=\/wp\/v2\/types\/page"}],"author":[{"embeddable":true,"href":"https:\/\/testv7.bcsg18.fr\/index.php?rest_route=\/wp\/v2\/users\/6"}],"replies":[{"embeddable":true,"href":"https:\/\/testv7.bcsg18.fr\/index.php?rest_route=%2Fwp%2Fv2%2Fcomments&post=6682"}],"version-history":[{"count":8,"href":"https:\/\/testv7.bcsg18.fr\/index.php?rest_route=\/wp\/v2\/pages\/6682\/revisions"}],"predecessor-version":[{"id":6704,"href":"https:\/\/testv7.bcsg18.fr\/index.php?rest_route=\/wp\/v2\/pages\/6682\/revisions\/6704"}],"up":[{"embeddable":true,"href":"https:\/\/testv7.bcsg18.fr\/index.php?rest_route=\/wp\/v2\/pages\/6044"}],"wp:attachment":[{"href":"https:\/\/testv7.bcsg18.fr\/index.php?rest_route=%2Fwp%2Fv2%2Fmedia&parent=6682"}],"curies":[{"name":"wp","href":"https:\/\/api.w.org\/{rel}","templated":true}]}}